{"id":5849,"date":"2025-10-23T12:29:59","date_gmt":"2025-10-23T12:29:59","guid":{"rendered":"https:\/\/demo.myboderm.com\/?post_type=product&#038;p=5849"},"modified":"2026-03-06T15:28:00","modified_gmt":"2026-03-06T15:28:00","slug":"podiakro-nail-lacquer-with-miconazole-nitrate-2-w-w","status":"publish","type":"product","link":"https:\/\/demo.myboderm.com\/de\/produkt\/podiakro-nail-lacquer-with-miconazole-nitrate-2-w-w\/","title":{"rendered":"PODIAKRO NAIL LACQUER WITH MICONAZOLE NITRATE 2% (W\/W)"},"content":{"rendered":"<p>Wasserbasiertes Gel mit <strong>Miconazolnitrat 2 % (w\/w)<\/strong> f\u00fcr die Nagelpflege formuliert.<br \/>\nHilft, gesunde N\u00e4gel zu sch\u00fctzen und zu erhalten, w\u00e4hrend es das nat\u00fcrliche Aussehen und den Zustand der Nagelplatte unterst\u00fctzt.<\/p>\n<p><strong>Hauptinhaltsstoffe:<\/strong><\/p>\n<ul>\n<li><strong>Miconazolnitrat 2 % (w\/w)<\/strong> \u2013 ein antimykotischer Wirkstoff, der hilft, N\u00e4gel vor Pilzinfektionen zu sch\u00fctzen<\/li>\n<li><strong>Kamillenextrakt<\/strong> \u2013 beruhigt und bes\u00e4nftigt die umgebende Haut<\/li>\n<li><strong>Thymianextrakt<\/strong> \u2013 bietet nat\u00fcrliche reinigende Eigenschaften<\/li>\n<li><strong>Propolis<\/strong> \u2013 unterst\u00fctzt den Schutz und die Hygiene der Nagelbarriere<\/li>\n<li><strong>Harnstoff 5 % (w\/w)<\/strong> \u2013 macht die Nageloberfl\u00e4che weich und spendet Feuchtigkeit<\/li>\n<\/ul>\n<p><span class=\"red\"><strong>Dermatologisch getestet.<\/strong><\/span><br \/>\nErh\u00e4ltlich in einer <strong>10-ml-Packung<\/strong>.<\/p>\n","protected":false},"excerpt":{"rendered":"<p>Wasserbasiertes Gel mit Miconazolnitrat 2 % (w\/w) f\u00fcr die Nagelpflege formuliert. Hilft, gesunde N\u00e4gel zu sch\u00fctzen und zu erhalten, w\u00e4hrend [&hellip;]<\/p>\n","protected":false},"featured_media":5050,"comment_status":"open","ping_status":"closed","template":"","meta":{"site-sidebar-layout":"default","site-content-layout":"","ast-site-content-layout":"default","site-content-style":"default","site-sidebar-style":"default","ast-global-header-display":"","ast-banner-title-visibility":"","ast-main-header-display":"","ast-hfb-above-header-display":"","ast-hfb-below-header-display":"","ast-hfb-mobile-header-display":"","site-post-title":"","ast-breadcrumbs-content":"","ast-featured-img":"","footer-sml-layout":"","ast-disable-related-posts":"","theme-transparent-header-meta":"default","adv-header-id-meta":"","stick-header-meta":"","header-above-stick-meta":"","header-main-stick-meta":"","header-below-stick-meta":"","astra-migrate-meta-layouts":"set","ast-page-background-enabled":"default","ast-page-background-meta":{"desktop":{"background-color":"var(--ast-global-color-5)","background-image":"","background-repeat":"repeat","background-position":"center center","background-size":"auto","background-attachment":"scroll","background-type":"","background-media":"","overlay-type":"","overlay-color":"","overlay-opacity":"","overlay-gradient":""},"tablet":{"background-color":"","background-image":"","background-repeat":"repeat","background-position":"center center","background-size":"auto","background-attachment":"scroll","background-type":"","background-media":"","overlay-type":"","overlay-color":"","overlay-opacity":"","overlay-gradient":""},"mobile":{"background-color":"","background-image":"","background-repeat":"repeat","background-position":"center center","background-size":"auto","background-attachment":"scroll","background-type":"","background-media":"","overlay-type":"","overlay-color":"","overlay-opacity":"","overlay-gradient":""}},"ast-content-background-meta":{"desktop":{"background-color":"var(--ast-global-color-4)","background-image":"","background-repeat":"repeat","background-position":"center center","background-size":"auto","background-attachment":"scroll","background-type":"","background-media":"","overlay-type":"","overlay-color":"","overlay-opacity":"","overlay-gradient":""},"tablet":{"background-color":"var(--ast-global-color-4)","background-image":"","background-repeat":"repeat","background-position":"center center","background-size":"auto","background-attachment":"scroll","background-type":"","background-media":"","overlay-type":"","overlay-color":"","overlay-opacity":"","overlay-gradient":""},"mobile":{"background-color":"var(--ast-global-color-4)","background-image":"","background-repeat":"repeat","background-position":"center center","background-size":"auto","background-attachment":"scroll","background-type":"","background-media":"","overlay-type":"","overlay-color":"","overlay-opacity":"","overlay-gradient":""}}},"product_brand":[],"product_cat":[108,115],"product_tag":[],"class_list":{"0":"post-5849","1":"product","2":"type-product","3":"status-publish","4":"has-post-thumbnail","6":"product_cat-asthetische-dermatologie","7":"product_cat-podiakro-fusspflegeprodukte","8":"desktop-align-left","9":"tablet-align-left","10":"mobile-align-left","12":"first","13":"instock","14":"shipping-taxable","15":"product-type-simple"},"_links":{"self":[{"href":"https:\/\/demo.myboderm.com\/de\/wp-json\/wp\/v2\/product\/5849","targetHints":{"allow":["GET"]}}],"collection":[{"href":"https:\/\/demo.myboderm.com\/de\/wp-json\/wp\/v2\/product"}],"about":[{"href":"https:\/\/demo.myboderm.com\/de\/wp-json\/wp\/v2\/types\/product"}],"replies":[{"embeddable":true,"href":"https:\/\/demo.myboderm.com\/de\/wp-json\/wp\/v2\/comments?post=5849"}],"version-history":[{"count":1,"href":"https:\/\/demo.myboderm.com\/de\/wp-json\/wp\/v2\/product\/5849\/revisions"}],"predecessor-version":[{"id":5850,"href":"https:\/\/demo.myboderm.com\/de\/wp-json\/wp\/v2\/product\/5849\/revisions\/5850"}],"wp:featuredmedia":[{"embeddable":true,"href":"https:\/\/demo.myboderm.com\/de\/wp-json\/wp\/v2\/media\/5050"}],"wp:attachment":[{"href":"https:\/\/demo.myboderm.com\/de\/wp-json\/wp\/v2\/media?parent=5849"}],"wp:term":[{"taxonomy":"product_brand","embeddable":true,"href":"https:\/\/demo.myboderm.com\/de\/wp-json\/wp\/v2\/product_brand?post=5849"},{"taxonomy":"product_cat","embeddable":true,"href":"https:\/\/demo.myboderm.com\/de\/wp-json\/wp\/v2\/product_cat?post=5849"},{"taxonomy":"product_tag","embeddable":true,"href":"https:\/\/demo.myboderm.com\/de\/wp-json\/wp\/v2\/product_tag?post=5849"}],"curies":[{"name":"wp","href":"https:\/\/api.w.org\/{rel}","templated":true}]}}