{"id":5844,"date":"2025-10-23T12:29:59","date_gmt":"2025-10-23T12:29:59","guid":{"rendered":"https:\/\/demo.myboderm.com\/?post_type=product&#038;p=5844"},"modified":"2026-03-09T15:10:40","modified_gmt":"2026-03-09T15:10:40","slug":"podiakro-foot-powder-with-miconazole-nitrate-2-w-w-and-calamine-10-w-w","status":"publish","type":"product","link":"https:\/\/demo.myboderm.com\/de\/produkt\/podiakro-foot-powder-with-miconazole-nitrate-2-w-w-and-calamine-10-w-w\/","title":{"rendered":"PODIAKRO NAIL LACQUER WITH MICONAZOLE NITRATE 2% (W\/W)"},"content":{"rendered":"<p>Nat\u00fcrlicher<strong> absorbierender Fu\u00dfpuder<\/strong>, entwickelt, um \u00fcberm\u00e4\u00dfige Fu\u00dffeuchtigkeit zu kontrollieren und einen angenehmen, dezenten Duft zu hinterlassen.<\/p>\n<p>Enth\u00e4lt <strong>Calamin<\/strong>, bekannt f\u00fcr seine beruhigenden und juckreizstillenden <strong>Eigenschaften<\/strong>, kombiniert mit <strong>Teebaum\u00f6l und Miconazolnitrat 2 % <\/strong>(w\/w) f\u00fcr zus\u00e4tzliche Frische und Schutz.<\/p>\n<p><strong>Hauptinhaltsstoffe:<\/strong><\/p>\n<ul>\n<li><strong>Miconazolnitrat 2 % (w\/w)<\/strong> \u2013 ein antimykotischer Wirkstoff, der hilft, N\u00e4gel vor Pilzinfektionen zu sch\u00fctzen<\/li>\n<li><strong>Kamillenextrakt <\/strong>\u2013 beruhigt und bes\u00e4nftigt die umgebende Haut<\/li>\n<li><strong>Thymianextrakt<\/strong> \u2013 bietet nat\u00fcrliche reinigende Eigenschaften<\/li>\n<\/ul>\n<p>Dermatologically tested.<\/p>\n<p><span class=\"red\">Erh\u00e4ltlich in einer 10-ml-Packung.<\/span><\/p>\n","protected":false},"excerpt":{"rendered":"<p>Nat\u00fcrlicher absorbierender Fu\u00dfpuder, entwickelt, um \u00fcberm\u00e4\u00dfige Fu\u00dffeuchtigkeit zu kontrollieren und einen angenehmen, dezenten Duft zu hinterlassen. Enth\u00e4lt Calamin, bekannt f\u00fcr [&hellip;]<\/p>\n","protected":false},"featured_media":5047,"comment_status":"open","ping_status":"closed","template":"","meta":{"site-sidebar-layout":"default","site-content-layout":"","ast-site-content-layout":"default","site-content-style":"default","site-sidebar-style":"default","ast-global-header-display":"","ast-banner-title-visibility":"","ast-main-header-display":"","ast-hfb-above-header-display":"","ast-hfb-below-header-display":"","ast-hfb-mobile-header-display":"","site-post-title":"","ast-breadcrumbs-content":"","ast-featured-img":"","footer-sml-layout":"","ast-disable-related-posts":"","theme-transparent-header-meta":"default","adv-header-id-meta":"","stick-header-meta":"","header-above-stick-meta":"","header-main-stick-meta":"","header-below-stick-meta":"","astra-migrate-meta-layouts":"set","ast-page-background-enabled":"default","ast-page-background-meta":{"desktop":{"background-color":"var(--ast-global-color-5)","background-image":"","background-repeat":"repeat","background-position":"center center","background-size":"auto","background-attachment":"scroll","background-type":"","background-media":"","overlay-type":"","overlay-color":"","overlay-opacity":"","overlay-gradient":""},"tablet":{"background-color":"","background-image":"","background-repeat":"repeat","background-position":"center center","background-size":"auto","background-attachment":"scroll","background-type":"","background-media":"","overlay-type":"","overlay-color":"","overlay-opacity":"","overlay-gradient":""},"mobile":{"background-color":"","background-image":"","background-repeat":"repeat","background-position":"center center","background-size":"auto","background-attachment":"scroll","background-type":"","background-media":"","overlay-type":"","overlay-color":"","overlay-opacity":"","overlay-gradient":""}},"ast-content-background-meta":{"desktop":{"background-color":"var(--ast-global-color-4)","background-image":"","background-repeat":"repeat","background-position":"center center","background-size":"auto","background-attachment":"scroll","background-type":"","background-media":"","overlay-type":"","overlay-color":"","overlay-opacity":"","overlay-gradient":""},"tablet":{"background-color":"var(--ast-global-color-4)","background-image":"","background-repeat":"repeat","background-position":"center center","background-size":"auto","background-attachment":"scroll","background-type":"","background-media":"","overlay-type":"","overlay-color":"","overlay-opacity":"","overlay-gradient":""},"mobile":{"background-color":"var(--ast-global-color-4)","background-image":"","background-repeat":"repeat","background-position":"center center","background-size":"auto","background-attachment":"scroll","background-type":"","background-media":"","overlay-type":"","overlay-color":"","overlay-opacity":"","overlay-gradient":""}}},"product_brand":[],"product_cat":[108,115],"product_tag":[],"class_list":{"0":"post-5844","1":"product","2":"type-product","3":"status-publish","4":"has-post-thumbnail","6":"product_cat-asthetische-dermatologie","7":"product_cat-podiakro-fusspflegeprodukte","8":"desktop-align-left","9":"tablet-align-left","10":"mobile-align-left","12":"first","13":"instock","14":"shipping-taxable","15":"product-type-simple"},"_links":{"self":[{"href":"https:\/\/demo.myboderm.com\/de\/wp-json\/wp\/v2\/product\/5844","targetHints":{"allow":["GET"]}}],"collection":[{"href":"https:\/\/demo.myboderm.com\/de\/wp-json\/wp\/v2\/product"}],"about":[{"href":"https:\/\/demo.myboderm.com\/de\/wp-json\/wp\/v2\/types\/product"}],"replies":[{"embeddable":true,"href":"https:\/\/demo.myboderm.com\/de\/wp-json\/wp\/v2\/comments?post=5844"}],"version-history":[{"count":2,"href":"https:\/\/demo.myboderm.com\/de\/wp-json\/wp\/v2\/product\/5844\/revisions"}],"predecessor-version":[{"id":5876,"href":"https:\/\/demo.myboderm.com\/de\/wp-json\/wp\/v2\/product\/5844\/revisions\/5876"}],"wp:featuredmedia":[{"embeddable":true,"href":"https:\/\/demo.myboderm.com\/de\/wp-json\/wp\/v2\/media\/5047"}],"wp:attachment":[{"href":"https:\/\/demo.myboderm.com\/de\/wp-json\/wp\/v2\/media?parent=5844"}],"wp:term":[{"taxonomy":"product_brand","embeddable":true,"href":"https:\/\/demo.myboderm.com\/de\/wp-json\/wp\/v2\/product_brand?post=5844"},{"taxonomy":"product_cat","embeddable":true,"href":"https:\/\/demo.myboderm.com\/de\/wp-json\/wp\/v2\/product_cat?post=5844"},{"taxonomy":"product_tag","embeddable":true,"href":"https:\/\/demo.myboderm.com\/de\/wp-json\/wp\/v2\/product_tag?post=5844"}],"curies":[{"name":"wp","href":"https:\/\/api.w.org\/{rel}","templated":true}]}}