{"id":5826,"date":"2025-09-16T09:14:28","date_gmt":"2025-09-16T09:14:28","guid":{"rendered":"https:\/\/demo.myboderm.com\/product\/boderm-permethrin-haaroel-spray\/"},"modified":"2026-03-06T14:20:55","modified_gmt":"2026-03-06T14:20:55","slug":"boderm-permethrin-haaroel-spray","status":"publish","type":"product","link":"https:\/\/demo.myboderm.com\/de\/produkt\/boderm-permethrin-haaroel-spray\/","title":{"rendered":"Boderm Permethrin Haar\u00f6l Spray"},"content":{"rendered":"<p>Nat\u00fcrliches Haartrocken\u00f6l auf der Basis von pflanzlichen Emollientien aus Sonnenblume, S\u00fc\u00dfer Mandel und Jojoba, angereichert mit der Kombination aus Permethrin 1% (w\/w) und Piperonylbutoxid 2% mit hautsch\u00fctzenden Eigenschaften und dem Anti-Schuppen-Mittel Climbazol.<\/p>\n<p>&nbsp;<\/p>\n<p><strong>Kontra-Indikationen:<\/strong><\/p>\n<p>\u00dcberempfindlichkeit gegen Inhaltsstoffe des Produkts.<\/p>\n","protected":false},"excerpt":{"rendered":"<p>Nat\u00fcrliches Haartrocken\u00f6l auf der Basis von pflanzlichen Emollientien aus Sonnenblume, S\u00fc\u00dfer Mandel und Jojoba, angereichert mit der Kombination aus Permethrin [&hellip;]<\/p>\n","protected":false},"featured_media":5828,"comment_status":"closed","ping_status":"closed","template":"","meta":{"site-sidebar-layout":"default","site-content-layout":"","ast-site-content-layout":"default","site-content-style":"default","site-sidebar-style":"default","ast-global-header-display":"","ast-banner-title-visibility":"","ast-main-header-display":"","ast-hfb-above-header-display":"","ast-hfb-below-header-display":"","ast-hfb-mobile-header-display":"","site-post-title":"","ast-breadcrumbs-content":"","ast-featured-img":"","footer-sml-layout":"","ast-disable-related-posts":"","theme-transparent-header-meta":"default","adv-header-id-meta":"","stick-header-meta":"","header-above-stick-meta":"","header-main-stick-meta":"","header-below-stick-meta":"","astra-migrate-meta-layouts":"default","ast-page-background-enabled":"default","ast-page-background-meta":{"desktop":{"background-color":"var(--ast-global-color-5)","background-image":"","background-repeat":"repeat","background-position":"center center","background-size":"auto","background-attachment":"scroll","background-type":"","background-media":"","overlay-type":"","overlay-color":"","overlay-opacity":"","overlay-gradient":""},"tablet":{"background-color":"","background-image":"","background-repeat":"repeat","background-position":"center center","background-size":"auto","background-attachment":"scroll","background-type":"","background-media":"","overlay-type":"","overlay-color":"","overlay-opacity":"","overlay-gradient":""},"mobile":{"background-color":"","background-image":"","background-repeat":"repeat","background-position":"center center","background-size":"auto","background-attachment":"scroll","background-type":"","background-media":"","overlay-type":"","overlay-color":"","overlay-opacity":"","overlay-gradient":""}},"ast-content-background-meta":{"desktop":{"background-color":"var(--ast-global-color-4)","background-image":"","background-repeat":"repeat","background-position":"center center","background-size":"auto","background-attachment":"scroll","background-type":"","background-media":"","overlay-type":"","overlay-color":"","overlay-opacity":"","overlay-gradient":""},"tablet":{"background-color":"var(--ast-global-color-4)","background-image":"","background-repeat":"repeat","background-position":"center center","background-size":"auto","background-attachment":"scroll","background-type":"","background-media":"","overlay-type":"","overlay-color":"","overlay-opacity":"","overlay-gradient":""},"mobile":{"background-color":"var(--ast-global-color-4)","background-image":"","background-repeat":"repeat","background-position":"center center","background-size":"auto","background-attachment":"scroll","background-type":"","background-media":"","overlay-type":"","overlay-color":"","overlay-opacity":"","overlay-gradient":""}}},"product_brand":[],"product_cat":[104,100],"product_tag":[],"class_list":{"0":"post-5826","1":"product","2":"type-product","3":"status-publish","4":"has-post-thumbnail","6":"product_cat-klinische-dermatologie","7":"product_cat-produkte","8":"desktop-align-left","9":"tablet-align-left","10":"mobile-align-left","12":"first","13":"instock","14":"product-type-simple"},"_links":{"self":[{"href":"https:\/\/demo.myboderm.com\/de\/wp-json\/wp\/v2\/product\/5826","targetHints":{"allow":["GET"]}}],"collection":[{"href":"https:\/\/demo.myboderm.com\/de\/wp-json\/wp\/v2\/product"}],"about":[{"href":"https:\/\/demo.myboderm.com\/de\/wp-json\/wp\/v2\/types\/product"}],"replies":[{"embeddable":true,"href":"https:\/\/demo.myboderm.com\/de\/wp-json\/wp\/v2\/comments?post=5826"}],"version-history":[{"count":1,"href":"https:\/\/demo.myboderm.com\/de\/wp-json\/wp\/v2\/product\/5826\/revisions"}],"predecessor-version":[{"id":5827,"href":"https:\/\/demo.myboderm.com\/de\/wp-json\/wp\/v2\/product\/5826\/revisions\/5827"}],"wp:featuredmedia":[{"embeddable":true,"href":"https:\/\/demo.myboderm.com\/de\/wp-json\/wp\/v2\/media\/5828"}],"wp:attachment":[{"href":"https:\/\/demo.myboderm.com\/de\/wp-json\/wp\/v2\/media?parent=5826"}],"wp:term":[{"taxonomy":"product_brand","embeddable":true,"href":"https:\/\/demo.myboderm.com\/de\/wp-json\/wp\/v2\/product_brand?post=5826"},{"taxonomy":"product_cat","embeddable":true,"href":"https:\/\/demo.myboderm.com\/de\/wp-json\/wp\/v2\/product_cat?post=5826"},{"taxonomy":"product_tag","embeddable":true,"href":"https:\/\/demo.myboderm.com\/de\/wp-json\/wp\/v2\/product_tag?post=5826"}],"curies":[{"name":"wp","href":"https:\/\/api.w.org\/{rel}","templated":true}]}}