{"id":5816,"date":"2025-09-16T09:14:28","date_gmt":"2025-09-16T09:14:28","guid":{"rendered":"https:\/\/demo.myboderm.com\/product\/max-lippenbalsam\/"},"modified":"2026-03-06T14:20:52","modified_gmt":"2026-03-06T14:20:52","slug":"max-lippenbalsam","status":"publish","type":"product","link":"https:\/\/demo.myboderm.com\/de\/produkt\/max-lippenbalsam\/","title":{"rendered":"Max Lippenbalsam"},"content":{"rendered":"<p>N\u00e4hren &amp; Hydratisieren f\u00fcr saftige Lippen<\/p>\n<p class=\" translation-block\"><b>Boderm Max Lippenbalsam<\/b> ist die ultimative L\u00f6sung f\u00fcr gepflegte und mit Feuchtigkeit versorgte Lippen.<\/p>\n<ul>\n<li class=\" translation-block\"><b>Jojoba\u00f6l:<\/b> Pflegt und beruhigt die Lippen und sorgt f\u00fcr ein angenehmes Gef\u00fchl.<\/li>\n<li class=\" translation-block\"><b>S\u00fc\u00dfes Mandel\u00f6l:<\/b> Verbessert die weichmachenden und feuchtigkeitsspendenden Eigenschaften.<\/li>\n<li class=\" translation-block\"><b>Oliven-Squalan:<\/b> Stellt das optimale Feuchtigkeitsniveau wieder her und erh\u00e4lt es aufrecht.<\/li>\n<li class=\" translation-block\"><b>Tocopherylacetat: <\/b>Bietet antioxidativen Schutz zur Unterst\u00fctzung der Lippengesundheit.<\/li>\n<\/ul>\n<p class=\" translation-block\">Tube mit <b>15ml.<\/b><\/p>\n<p class=\"red\">Dermatologisch getestet<\/p>\n","protected":false},"excerpt":{"rendered":"<p>N\u00e4hren &amp; Hydratisieren f\u00fcr saftige Lippen Boderm Max Lippenbalsam ist die ultimative L\u00f6sung f\u00fcr gepflegte und mit Feuchtigkeit versorgte Lippen. [&hellip;]<\/p>\n","protected":false},"featured_media":5818,"comment_status":"closed","ping_status":"closed","template":"","meta":{"site-sidebar-layout":"","site-content-layout":"","ast-site-content-layout":"","site-content-style":"","site-sidebar-style":"","ast-global-header-display":"","ast-banner-title-visibility":"","ast-main-header-display":"","ast-hfb-above-header-display":"","ast-hfb-below-header-display":"","ast-hfb-mobile-header-display":"","site-post-title":"","ast-breadcrumbs-content":"","ast-featured-img":"","footer-sml-layout":"","ast-disable-related-posts":"","theme-transparent-header-meta":"","adv-header-id-meta":"","stick-header-meta":"","header-above-stick-meta":"","header-main-stick-meta":"","header-below-stick-meta":"","astra-migrate-meta-layouts":"default","ast-page-background-enabled":"default","ast-page-background-meta":{"desktop":{"background-color":"var(--ast-global-color-5)","background-image":"","background-repeat":"repeat","background-position":"center center","background-size":"auto","background-attachment":"scroll","background-type":"","background-media":"","overlay-type":"","overlay-color":"","overlay-opacity":"","overlay-gradient":""},"tablet":{"background-color":"","background-image":"","background-repeat":"repeat","background-position":"center center","background-size":"auto","background-attachment":"scroll","background-type":"","background-media":"","overlay-type":"","overlay-color":"","overlay-opacity":"","overlay-gradient":""},"mobile":{"background-color":"","background-image":"","background-repeat":"repeat","background-position":"center center","background-size":"auto","background-attachment":"scroll","background-type":"","background-media":"","overlay-type":"","overlay-color":"","overlay-opacity":"","overlay-gradient":""}},"ast-content-background-meta":{"desktop":{"background-color":"var(--ast-global-color-4)","background-image":"","background-repeat":"repeat","background-position":"center center","background-size":"auto","background-attachment":"scroll","background-type":"","background-media":"","overlay-type":"","overlay-color":"","overlay-opacity":"","overlay-gradient":""},"tablet":{"background-color":"var(--ast-global-color-4)","background-image":"","background-repeat":"repeat","background-position":"center center","background-size":"auto","background-attachment":"scroll","background-type":"","background-media":"","overlay-type":"","overlay-color":"","overlay-opacity":"","overlay-gradient":""},"mobile":{"background-color":"var(--ast-global-color-4)","background-image":"","background-repeat":"repeat","background-position":"center center","background-size":"auto","background-attachment":"scroll","background-type":"","background-media":"","overlay-type":"","overlay-color":"","overlay-opacity":"","overlay-gradient":""}}},"product_brand":[],"product_cat":[105,95,100],"product_tag":[],"class_list":{"0":"post-5816","1":"product","2":"type-product","3":"status-publish","4":"has-post-thumbnail","6":"product_cat-kosmetika","7":"product_cat-premium-kollektion-fur-gesichtspflege","8":"product_cat-produkte","9":"desktop-align-left","10":"tablet-align-left","11":"mobile-align-left","13":"first","14":"instock","15":"product-type-simple"},"_links":{"self":[{"href":"https:\/\/demo.myboderm.com\/de\/wp-json\/wp\/v2\/product\/5816","targetHints":{"allow":["GET"]}}],"collection":[{"href":"https:\/\/demo.myboderm.com\/de\/wp-json\/wp\/v2\/product"}],"about":[{"href":"https:\/\/demo.myboderm.com\/de\/wp-json\/wp\/v2\/types\/product"}],"replies":[{"embeddable":true,"href":"https:\/\/demo.myboderm.com\/de\/wp-json\/wp\/v2\/comments?post=5816"}],"version-history":[{"count":1,"href":"https:\/\/demo.myboderm.com\/de\/wp-json\/wp\/v2\/product\/5816\/revisions"}],"predecessor-version":[{"id":5817,"href":"https:\/\/demo.myboderm.com\/de\/wp-json\/wp\/v2\/product\/5816\/revisions\/5817"}],"wp:featuredmedia":[{"embeddable":true,"href":"https:\/\/demo.myboderm.com\/de\/wp-json\/wp\/v2\/media\/5818"}],"wp:attachment":[{"href":"https:\/\/demo.myboderm.com\/de\/wp-json\/wp\/v2\/media?parent=5816"}],"wp:term":[{"taxonomy":"product_brand","embeddable":true,"href":"https:\/\/demo.myboderm.com\/de\/wp-json\/wp\/v2\/product_brand?post=5816"},{"taxonomy":"product_cat","embeddable":true,"href":"https:\/\/demo.myboderm.com\/de\/wp-json\/wp\/v2\/product_cat?post=5816"},{"taxonomy":"product_tag","embeddable":true,"href":"https:\/\/demo.myboderm.com\/de\/wp-json\/wp\/v2\/product_tag?post=5816"}],"curies":[{"name":"wp","href":"https:\/\/api.w.org\/{rel}","templated":true}]}}