{"id":5813,"date":"2025-09-16T09:14:28","date_gmt":"2025-09-16T09:14:28","guid":{"rendered":"https:\/\/demo.myboderm.com\/product\/bionatar-creme-75ml\/"},"modified":"2026-03-13T14:27:49","modified_gmt":"2026-03-13T14:27:49","slug":"bionatar-creme-75ml","status":"publish","type":"product","link":"https:\/\/demo.myboderm.com\/de\/produkt\/bionatar-creme-75ml\/","title":{"rendered":"Bionatar\u2122 Creme 75ml"},"content":{"rendered":"<p class=\" translation-block\">Bionatar\u2122 <b>Creme<\/b> enth\u00e4lt.:<\/p>\n<ul>\n<li><b>Ichthyol<\/b>\u00a0 (Natriumschiefer\u00f6lsulfonat)<\/li>\n<li class=\" translation-block\"><b>Helles sulfoniertes Schiefer\u00f6l<\/b><\/li>\n<li><b>Salicyls\u00e4ure<\/b><\/li>\n<li><b>Salicyls\u00e4ure<\/b><\/li>\n<li><b>Olea Europea Frucht-Extrakt<\/b><\/li>\n<li><b>Lavandula-\u00d6l<\/b><\/li>\n<li><b>Allantoin<\/b><\/li>\n<li><b>Panthenol<\/b><\/li>\n<\/ul>\n<p class=\" translation-block\"><b>Bionatar\u2122<\/b> Creme kann auf bekannten K\u00f6rperstellen mit Schuppenflechte angewendet werden.<br \/>\nBionatar\u2122 Creme ist zus\u00e4tzlich reich an feuchtigkeitsspendenden und lindernden Wirkstoffen, um die Haut zu beruhigen. Erh\u00e4ltlich in einer <b>75ml<\/b>-Packung.<\/p>\n<p class=\"red\">Medizinisches Ger\u00e4t<\/p>\n<p class=\"red\">Klinisch erprobt<\/p>\n<p class=\"red\">Dermatologisch getestet<\/p>\n","protected":false},"excerpt":{"rendered":"<p>Bionatar\u2122 Creme enth\u00e4lt.: Ichthyol\u00a0 (Natriumschiefer\u00f6lsulfonat) Helles sulfoniertes Schiefer\u00f6l Salicyls\u00e4ure Salicyls\u00e4ure Olea Europea Frucht-Extrakt Lavandula-\u00d6l Allantoin Panthenol Bionatar\u2122 Creme kann auf [&hellip;]<\/p>\n","protected":false},"featured_media":5815,"comment_status":"closed","ping_status":"closed","template":"","meta":{"site-sidebar-layout":"default","site-content-layout":"","ast-site-content-layout":"default","site-content-style":"default","site-sidebar-style":"default","ast-global-header-display":"","ast-banner-title-visibility":"","ast-main-header-display":"","ast-hfb-above-header-display":"","ast-hfb-below-header-display":"","ast-hfb-mobile-header-display":"","site-post-title":"","ast-breadcrumbs-content":"","ast-featured-img":"","footer-sml-layout":"","ast-disable-related-posts":"","theme-transparent-header-meta":"default","adv-header-id-meta":"","stick-header-meta":"","header-above-stick-meta":"","header-main-stick-meta":"","header-below-stick-meta":"","astra-migrate-meta-layouts":"set","ast-page-background-enabled":"default","ast-page-background-meta":{"desktop":{"background-color":"var(--ast-global-color-5)","background-image":"","background-repeat":"repeat","background-position":"center center","background-size":"auto","background-attachment":"scroll","background-type":"","background-media":"","overlay-type":"","overlay-color":"","overlay-opacity":"","overlay-gradient":""},"tablet":{"background-color":"","background-image":"","background-repeat":"repeat","background-position":"center center","background-size":"auto","background-attachment":"scroll","background-type":"","background-media":"","overlay-type":"","overlay-color":"","overlay-opacity":"","overlay-gradient":""},"mobile":{"background-color":"","background-image":"","background-repeat":"repeat","background-position":"center center","background-size":"auto","background-attachment":"scroll","background-type":"","background-media":"","overlay-type":"","overlay-color":"","overlay-opacity":"","overlay-gradient":""}},"ast-content-background-meta":{"desktop":{"background-color":"var(--ast-global-color-4)","background-image":"","background-repeat":"repeat","background-position":"center center","background-size":"auto","background-attachment":"scroll","background-type":"","background-media":"","overlay-type":"","overlay-color":"","overlay-opacity":"","overlay-gradient":""},"tablet":{"background-color":"var(--ast-global-color-4)","background-image":"","background-repeat":"repeat","background-position":"center center","background-size":"auto","background-attachment":"scroll","background-type":"","background-media":"","overlay-type":"","overlay-color":"","overlay-opacity":"","overlay-gradient":""},"mobile":{"background-color":"var(--ast-global-color-4)","background-image":"","background-repeat":"repeat","background-position":"center center","background-size":"auto","background-attachment":"scroll","background-type":"","background-media":"","overlay-type":"","overlay-color":"","overlay-opacity":"","overlay-gradient":""}}},"product_brand":[],"product_cat":[104,100,145],"product_tag":[],"class_list":{"0":"post-5813","1":"product","2":"type-product","3":"status-publish","4":"has-post-thumbnail","6":"product_cat-klinische-dermatologie","7":"product_cat-produkte","8":"product_cat-psoriasis","9":"desktop-align-left","10":"tablet-align-left","11":"mobile-align-left","13":"first","14":"instock","15":"product-type-simple"},"_links":{"self":[{"href":"https:\/\/demo.myboderm.com\/de\/wp-json\/wp\/v2\/product\/5813","targetHints":{"allow":["GET"]}}],"collection":[{"href":"https:\/\/demo.myboderm.com\/de\/wp-json\/wp\/v2\/product"}],"about":[{"href":"https:\/\/demo.myboderm.com\/de\/wp-json\/wp\/v2\/types\/product"}],"replies":[{"embeddable":true,"href":"https:\/\/demo.myboderm.com\/de\/wp-json\/wp\/v2\/comments?post=5813"}],"version-history":[{"count":2,"href":"https:\/\/demo.myboderm.com\/de\/wp-json\/wp\/v2\/product\/5813\/revisions"}],"predecessor-version":[{"id":6112,"href":"https:\/\/demo.myboderm.com\/de\/wp-json\/wp\/v2\/product\/5813\/revisions\/6112"}],"wp:featuredmedia":[{"embeddable":true,"href":"https:\/\/demo.myboderm.com\/de\/wp-json\/wp\/v2\/media\/5815"}],"wp:attachment":[{"href":"https:\/\/demo.myboderm.com\/de\/wp-json\/wp\/v2\/media?parent=5813"}],"wp:term":[{"taxonomy":"product_brand","embeddable":true,"href":"https:\/\/demo.myboderm.com\/de\/wp-json\/wp\/v2\/product_brand?post=5813"},{"taxonomy":"product_cat","embeddable":true,"href":"https:\/\/demo.myboderm.com\/de\/wp-json\/wp\/v2\/product_cat?post=5813"},{"taxonomy":"product_tag","embeddable":true,"href":"https:\/\/demo.myboderm.com\/de\/wp-json\/wp\/v2\/product_tag?post=5813"}],"curies":[{"name":"wp","href":"https:\/\/api.w.org\/{rel}","templated":true}]}}