{"id":5800,"date":"2025-09-16T09:14:08","date_gmt":"2025-09-16T09:14:08","guid":{"rendered":"https:\/\/demo.myboderm.com\/product\/vip-geschenkpaket\/"},"modified":"2026-03-11T10:47:49","modified_gmt":"2026-03-11T10:47:49","slug":"vip-geschenkpaket","status":"publish","type":"product","link":"https:\/\/demo.myboderm.com\/de\/produkt\/vip-geschenkpaket\/","title":{"rendered":"VIP-GESCHENKPAKET"},"content":{"rendered":"<p>Enth\u00e4lt drei (3) Produkte der Premium-Kollektion f\u00fcr die K\u00f6rperpflege.<\/p>\n<ul>\n<li><b> K\u00f6rperlotion <\/b><\/li>\n<li><b> Duschgel <\/b><\/li>\n<li><b> K\u00f6rperlotion Schimmernd <\/b><\/li>\n<\/ul>\n<p>Auswahl an Produkten der Premium Collection: Atom, Dialogue, Cosmos, Epitome, Pantheon. <span class=\"atom\">Atom<\/span>, <span class=\"dail\">Dialogue<\/span>, <span class=\"cosmos\">Cosmos<\/span>, <span class=\"rose\">Epitome<\/span>, <span class=\"panth\">Pantheon<\/span>.<\/p>\n","protected":false},"excerpt":{"rendered":"<p>Enth\u00e4lt drei (3) Produkte der Premium-Kollektion f\u00fcr die K\u00f6rperpflege. K\u00f6rperlotion Duschgel K\u00f6rperlotion Schimmernd Auswahl an Produkten der Premium Collection: Atom, [&hellip;]<\/p>\n","protected":false},"featured_media":5802,"comment_status":"closed","ping_status":"closed","template":"","meta":{"site-sidebar-layout":"default","site-content-layout":"","ast-site-content-layout":"default","site-content-style":"default","site-sidebar-style":"default","ast-global-header-display":"","ast-banner-title-visibility":"","ast-main-header-display":"","ast-hfb-above-header-display":"","ast-hfb-below-header-display":"","ast-hfb-mobile-header-display":"","site-post-title":"","ast-breadcrumbs-content":"","ast-featured-img":"","footer-sml-layout":"","ast-disable-related-posts":"","theme-transparent-header-meta":"default","adv-header-id-meta":"","stick-header-meta":"","header-above-stick-meta":"","header-main-stick-meta":"","header-below-stick-meta":"","astra-migrate-meta-layouts":"set","ast-page-background-enabled":"default","ast-page-background-meta":{"desktop":{"background-color":"var(--ast-global-color-5)","background-image":"","background-repeat":"repeat","background-position":"center center","background-size":"auto","background-attachment":"scroll","background-type":"","background-media":"","overlay-type":"","overlay-color":"","overlay-opacity":"","overlay-gradient":""},"tablet":{"background-color":"","background-image":"","background-repeat":"repeat","background-position":"center center","background-size":"auto","background-attachment":"scroll","background-type":"","background-media":"","overlay-type":"","overlay-color":"","overlay-opacity":"","overlay-gradient":""},"mobile":{"background-color":"","background-image":"","background-repeat":"repeat","background-position":"center center","background-size":"auto","background-attachment":"scroll","background-type":"","background-media":"","overlay-type":"","overlay-color":"","overlay-opacity":"","overlay-gradient":""}},"ast-content-background-meta":{"desktop":{"background-color":"var(--ast-global-color-4)","background-image":"","background-repeat":"repeat","background-position":"center center","background-size":"auto","background-attachment":"scroll","background-type":"","background-media":"","overlay-type":"","overlay-color":"","overlay-opacity":"","overlay-gradient":""},"tablet":{"background-color":"var(--ast-global-color-4)","background-image":"","background-repeat":"repeat","background-position":"center center","background-size":"auto","background-attachment":"scroll","background-type":"","background-media":"","overlay-type":"","overlay-color":"","overlay-opacity":"","overlay-gradient":""},"mobile":{"background-color":"var(--ast-global-color-4)","background-image":"","background-repeat":"repeat","background-position":"center center","background-size":"auto","background-attachment":"scroll","background-type":"","background-media":"","overlay-type":"","overlay-color":"","overlay-opacity":"","overlay-gradient":""}}},"product_brand":[],"product_cat":[167,170],"product_tag":[],"class_list":{"0":"post-5800","1":"product","2":"type-product","3":"status-publish","4":"has-post-thumbnail","6":"product_cat-gastfreundschaftsunterstuetzung","7":"product_cat-vip-geschenkpaket","8":"desktop-align-left","9":"tablet-align-left","10":"mobile-align-left","12":"first","13":"instock","14":"product-type-simple"},"_links":{"self":[{"href":"https:\/\/demo.myboderm.com\/de\/wp-json\/wp\/v2\/product\/5800","targetHints":{"allow":["GET"]}}],"collection":[{"href":"https:\/\/demo.myboderm.com\/de\/wp-json\/wp\/v2\/product"}],"about":[{"href":"https:\/\/demo.myboderm.com\/de\/wp-json\/wp\/v2\/types\/product"}],"replies":[{"embeddable":true,"href":"https:\/\/demo.myboderm.com\/de\/wp-json\/wp\/v2\/comments?post=5800"}],"version-history":[{"count":1,"href":"https:\/\/demo.myboderm.com\/de\/wp-json\/wp\/v2\/product\/5800\/revisions"}],"predecessor-version":[{"id":5801,"href":"https:\/\/demo.myboderm.com\/de\/wp-json\/wp\/v2\/product\/5800\/revisions\/5801"}],"wp:featuredmedia":[{"embeddable":true,"href":"https:\/\/demo.myboderm.com\/de\/wp-json\/wp\/v2\/media\/5802"}],"wp:attachment":[{"href":"https:\/\/demo.myboderm.com\/de\/wp-json\/wp\/v2\/media?parent=5800"}],"wp:term":[{"taxonomy":"product_brand","embeddable":true,"href":"https:\/\/demo.myboderm.com\/de\/wp-json\/wp\/v2\/product_brand?post=5800"},{"taxonomy":"product_cat","embeddable":true,"href":"https:\/\/demo.myboderm.com\/de\/wp-json\/wp\/v2\/product_cat?post=5800"},{"taxonomy":"product_tag","embeddable":true,"href":"https:\/\/demo.myboderm.com\/de\/wp-json\/wp\/v2\/product_tag?post=5800"}],"curies":[{"name":"wp","href":"https:\/\/api.w.org\/{rel}","templated":true}]}}