{"id":5777,"date":"2025-09-16T09:14:08","date_gmt":"2025-09-16T09:14:08","guid":{"rendered":"https:\/\/demo.myboderm.com\/product\/hotel-annehmlichkeiten\/"},"modified":"2026-03-11T10:51:14","modified_gmt":"2026-03-11T10:51:14","slug":"hotel-annehmlichkeiten","status":"publish","type":"product","link":"https:\/\/demo.myboderm.com\/de\/produkt\/hotel-annehmlichkeiten\/","title":{"rendered":"HOTEL-ANNEHMLICHKEITEN"},"content":{"rendered":"<p><span class=\"dail h\">Dialogue <\/span><br \/>\n<strong>Schwarze Johannisbeere, helle H\u00f6lzer<\/strong><br \/>\nShampoo &#8211; Duschgel &#8211; Conditioner &#8211; Handseife &#8211; K\u00f6rperlotion<\/p>\n<p><span class=\"cosmos h\">Cosmos<\/span><br \/>\n<strong>Gr\u00fcne Bl\u00e4tter, Meeresbrise<\/strong><br \/>\nShampoo &#8211; Duschgel &#8211; Pflegesp\u00fclung &#8211; Handseife &#8211; K\u00f6rperlotion<\/p>\n<ul>\n<li>Gro\u00dfes Volumen 360ml.<\/li>\n<li>Rechteckige Flaschenform mit 3,5 cm Profil.<\/li>\n<li>Mit transparenter Seitenlinie zur einfachen Kontrolle.<\/li>\n<li>Kein h\u00e4ufiges Nachf\u00fcllen erforderlich, da klein und handlich.<\/li>\n<li>Einfach zu montieren mit stabiler, diebstahlsicherer Wandhalterung.<\/li>\n<li>Erh\u00e4ltlich in zwei Farben, schwarz und wei\u00df, passend zu den meisten B\u00e4dern.<\/li>\n<li>Zwei Kollektionen in zwei verschiedenen hochwertigen D\u00fcften: <span class=\"dail\">Dialogue<\/span> &amp; <span class=\"cosmos\">Cosmos<\/span>.<\/li>\n<\/ul>\n","protected":false},"excerpt":{"rendered":"<p>Dialogue Schwarze Johannisbeere, helle H\u00f6lzer Shampoo &#8211; Duschgel &#8211; Conditioner &#8211; Handseife &#8211; K\u00f6rperlotion Cosmos Gr\u00fcne Bl\u00e4tter, Meeresbrise Shampoo &#8211; [&hellip;]<\/p>\n","protected":false},"featured_media":5779,"comment_status":"closed","ping_status":"closed","template":"","meta":{"site-sidebar-layout":"default","site-content-layout":"","ast-site-content-layout":"default","site-content-style":"default","site-sidebar-style":"default","ast-global-header-display":"","ast-banner-title-visibility":"","ast-main-header-display":"","ast-hfb-above-header-display":"","ast-hfb-below-header-display":"","ast-hfb-mobile-header-display":"","site-post-title":"","ast-breadcrumbs-content":"","ast-featured-img":"","footer-sml-layout":"","ast-disable-related-posts":"","theme-transparent-header-meta":"default","adv-header-id-meta":"","stick-header-meta":"","header-above-stick-meta":"","header-main-stick-meta":"","header-below-stick-meta":"","astra-migrate-meta-layouts":"set","ast-page-background-enabled":"default","ast-page-background-meta":{"desktop":{"background-color":"var(--ast-global-color-5)","background-image":"","background-repeat":"repeat","background-position":"center center","background-size":"auto","background-attachment":"scroll","background-type":"","background-media":"","overlay-type":"","overlay-color":"","overlay-opacity":"","overlay-gradient":""},"tablet":{"background-color":"","background-image":"","background-repeat":"repeat","background-position":"center center","background-size":"auto","background-attachment":"scroll","background-type":"","background-media":"","overlay-type":"","overlay-color":"","overlay-opacity":"","overlay-gradient":""},"mobile":{"background-color":"","background-image":"","background-repeat":"repeat","background-position":"center center","background-size":"auto","background-attachment":"scroll","background-type":"","background-media":"","overlay-type":"","overlay-color":"","overlay-opacity":"","overlay-gradient":""}},"ast-content-background-meta":{"desktop":{"background-color":"var(--ast-global-color-4)","background-image":"","background-repeat":"repeat","background-position":"center center","background-size":"auto","background-attachment":"scroll","background-type":"","background-media":"","overlay-type":"","overlay-color":"","overlay-opacity":"","overlay-gradient":""},"tablet":{"background-color":"var(--ast-global-color-4)","background-image":"","background-repeat":"repeat","background-position":"center center","background-size":"auto","background-attachment":"scroll","background-type":"","background-media":"","overlay-type":"","overlay-color":"","overlay-opacity":"","overlay-gradient":""},"mobile":{"background-color":"var(--ast-global-color-4)","background-image":"","background-repeat":"repeat","background-position":"center center","background-size":"auto","background-attachment":"scroll","background-type":"","background-media":"","overlay-type":"","overlay-color":"","overlay-opacity":"","overlay-gradient":""}}},"product_brand":[],"product_cat":[167,168],"product_tag":[],"class_list":{"0":"post-5777","1":"product","2":"type-product","3":"status-publish","4":"has-post-thumbnail","6":"product_cat-gastfreundschaftsunterstuetzung","7":"product_cat-hotel-annehmlichkeiten","8":"desktop-align-left","9":"tablet-align-left","10":"mobile-align-left","12":"first","13":"instock","14":"product-type-simple"},"_links":{"self":[{"href":"https:\/\/demo.myboderm.com\/de\/wp-json\/wp\/v2\/product\/5777","targetHints":{"allow":["GET"]}}],"collection":[{"href":"https:\/\/demo.myboderm.com\/de\/wp-json\/wp\/v2\/product"}],"about":[{"href":"https:\/\/demo.myboderm.com\/de\/wp-json\/wp\/v2\/types\/product"}],"replies":[{"embeddable":true,"href":"https:\/\/demo.myboderm.com\/de\/wp-json\/wp\/v2\/comments?post=5777"}],"version-history":[{"count":1,"href":"https:\/\/demo.myboderm.com\/de\/wp-json\/wp\/v2\/product\/5777\/revisions"}],"predecessor-version":[{"id":5778,"href":"https:\/\/demo.myboderm.com\/de\/wp-json\/wp\/v2\/product\/5777\/revisions\/5778"}],"wp:featuredmedia":[{"embeddable":true,"href":"https:\/\/demo.myboderm.com\/de\/wp-json\/wp\/v2\/media\/5779"}],"wp:attachment":[{"href":"https:\/\/demo.myboderm.com\/de\/wp-json\/wp\/v2\/media?parent=5777"}],"wp:term":[{"taxonomy":"product_brand","embeddable":true,"href":"https:\/\/demo.myboderm.com\/de\/wp-json\/wp\/v2\/product_brand?post=5777"},{"taxonomy":"product_cat","embeddable":true,"href":"https:\/\/demo.myboderm.com\/de\/wp-json\/wp\/v2\/product_cat?post=5777"},{"taxonomy":"product_tag","embeddable":true,"href":"https:\/\/demo.myboderm.com\/de\/wp-json\/wp\/v2\/product_tag?post=5777"}],"curies":[{"name":"wp","href":"https:\/\/api.w.org\/{rel}","templated":true}]}}