{"id":5766,"date":"2025-09-16T09:14:08","date_gmt":"2025-09-16T09:14:08","guid":{"rendered":"https:\/\/demo.myboderm.com\/product\/tazarene-creme-0-05\/"},"modified":"2026-03-16T13:40:32","modified_gmt":"2026-03-16T13:40:32","slug":"tazarene-creme-0-05","status":"publish","type":"product","link":"https:\/\/demo.myboderm.com\/de\/produkt\/tazarene-creme-0-05\/","title":{"rendered":"Tazarene Creme 0.05%"},"content":{"rendered":"<p>Zur \u00e4u\u00dferlichen Anwendung auf sehr trockener Haut.<br \/>\n<strong>Tazarene Creme 0.05%<\/strong> enth\u00e4lt:<\/p>\n<ul>\n<li><strong>Tazarotene 0,05%<\/strong>: Verbesserung sehr harter Hautzust\u00e4nde<\/li>\n<li><strong>Salicyls\u00e4ure:<\/strong> Keratolytische Wirkung<\/li>\n<li><strong>Panthenol:<\/strong> Feuchthaltefunktion<\/li>\n<li><strong>Natriumhyaluronat:<\/strong> Lang anhaltende Hydratation<\/li>\n<li><strong>Allantoin:<\/strong> Erweichende Wirkung<\/li>\n<\/ul>\n<p>Erh\u00e4ltlich in einer Packung von 75 ml.<\/p>\n<p>Dermatologisch getestet<\/p>\n","protected":false},"excerpt":{"rendered":"<p>Zur \u00e4u\u00dferlichen Anwendung auf sehr trockener Haut. Tazarene Creme 0.05% enth\u00e4lt: Tazarotene 0,05%: Verbesserung sehr harter Hautzust\u00e4nde Salicyls\u00e4ure: Keratolytische Wirkung [&hellip;]<\/p>\n","protected":false},"featured_media":5768,"comment_status":"closed","ping_status":"closed","template":"","meta":{"site-sidebar-layout":"default","site-content-layout":"","ast-site-content-layout":"default","site-content-style":"default","site-sidebar-style":"default","ast-global-header-display":"","ast-banner-title-visibility":"","ast-main-header-display":"","ast-hfb-above-header-display":"","ast-hfb-below-header-display":"","ast-hfb-mobile-header-display":"","site-post-title":"","ast-breadcrumbs-content":"","ast-featured-img":"","footer-sml-layout":"","ast-disable-related-posts":"","theme-transparent-header-meta":"default","adv-header-id-meta":"","stick-header-meta":"","header-above-stick-meta":"","header-main-stick-meta":"","header-below-stick-meta":"","astra-migrate-meta-layouts":"set","ast-page-background-enabled":"default","ast-page-background-meta":{"desktop":{"background-color":"var(--ast-global-color-5)","background-image":"","background-repeat":"repeat","background-position":"center center","background-size":"auto","background-attachment":"scroll","background-type":"","background-media":"","overlay-type":"","overlay-color":"","overlay-opacity":"","overlay-gradient":""},"tablet":{"background-color":"","background-image":"","background-repeat":"repeat","background-position":"center center","background-size":"auto","background-attachment":"scroll","background-type":"","background-media":"","overlay-type":"","overlay-color":"","overlay-opacity":"","overlay-gradient":""},"mobile":{"background-color":"","background-image":"","background-repeat":"repeat","background-position":"center center","background-size":"auto","background-attachment":"scroll","background-type":"","background-media":"","overlay-type":"","overlay-color":"","overlay-opacity":"","overlay-gradient":""}},"ast-content-background-meta":{"desktop":{"background-color":"var(--ast-global-color-4)","background-image":"","background-repeat":"repeat","background-position":"center center","background-size":"auto","background-attachment":"scroll","background-type":"","background-media":"","overlay-type":"","overlay-color":"","overlay-opacity":"","overlay-gradient":""},"tablet":{"background-color":"var(--ast-global-color-4)","background-image":"","background-repeat":"repeat","background-position":"center center","background-size":"auto","background-attachment":"scroll","background-type":"","background-media":"","overlay-type":"","overlay-color":"","overlay-opacity":"","overlay-gradient":""},"mobile":{"background-color":"var(--ast-global-color-4)","background-image":"","background-repeat":"repeat","background-position":"center center","background-size":"auto","background-attachment":"scroll","background-type":"","background-media":"","overlay-type":"","overlay-color":"","overlay-opacity":"","overlay-gradient":""}}},"product_brand":[],"product_cat":[104,105,100,106],"product_tag":[],"class_list":{"0":"post-5766","1":"product","2":"type-product","3":"status-publish","4":"has-post-thumbnail","6":"product_cat-klinische-dermatologie","7":"product_cat-kosmetika","8":"product_cat-produkte","9":"product_cat-tazarene","10":"desktop-align-left","11":"tablet-align-left","12":"mobile-align-left","14":"first","15":"instock","16":"product-type-simple"},"_links":{"self":[{"href":"https:\/\/demo.myboderm.com\/de\/wp-json\/wp\/v2\/product\/5766","targetHints":{"allow":["GET"]}}],"collection":[{"href":"https:\/\/demo.myboderm.com\/de\/wp-json\/wp\/v2\/product"}],"about":[{"href":"https:\/\/demo.myboderm.com\/de\/wp-json\/wp\/v2\/types\/product"}],"replies":[{"embeddable":true,"href":"https:\/\/demo.myboderm.com\/de\/wp-json\/wp\/v2\/comments?post=5766"}],"version-history":[{"count":2,"href":"https:\/\/demo.myboderm.com\/de\/wp-json\/wp\/v2\/product\/5766\/revisions"}],"predecessor-version":[{"id":6239,"href":"https:\/\/demo.myboderm.com\/de\/wp-json\/wp\/v2\/product\/5766\/revisions\/6239"}],"wp:featuredmedia":[{"embeddable":true,"href":"https:\/\/demo.myboderm.com\/de\/wp-json\/wp\/v2\/media\/5768"}],"wp:attachment":[{"href":"https:\/\/demo.myboderm.com\/de\/wp-json\/wp\/v2\/media?parent=5766"}],"wp:term":[{"taxonomy":"product_brand","embeddable":true,"href":"https:\/\/demo.myboderm.com\/de\/wp-json\/wp\/v2\/product_brand?post=5766"},{"taxonomy":"product_cat","embeddable":true,"href":"https:\/\/demo.myboderm.com\/de\/wp-json\/wp\/v2\/product_cat?post=5766"},{"taxonomy":"product_tag","embeddable":true,"href":"https:\/\/demo.myboderm.com\/de\/wp-json\/wp\/v2\/product_tag?post=5766"}],"curies":[{"name":"wp","href":"https:\/\/api.w.org\/{rel}","templated":true}]}}