{"id":5760,"date":"2025-09-16T09:14:08","date_gmt":"2025-09-16T09:14:08","guid":{"rendered":"https:\/\/demo.myboderm.com\/product\/erhellung\/"},"modified":"2026-03-13T08:18:00","modified_gmt":"2026-03-13T08:18:00","slug":"erhellung","status":"publish","type":"product","link":"https:\/\/demo.myboderm.com\/de\/produkt\/erhellung\/","title":{"rendered":"Erhellung"},"content":{"rendered":"<p>Gesichtscreme<br \/>\n<strong>Boderm Erhellung<\/strong> ist eine mehrphasige Creme, die stabile Bleichmittel enth\u00e4lt:<\/p>\n<ul>\n<li><strong>Alpha-Arbutin.<\/strong><\/li>\n<li><strong>Niacinamid<\/strong><\/li>\n<li><strong>Kojic Dipalmitate<\/strong>, die den ungleichm\u00e4\u00dfigen Hautton der Haut und braune Flecken ausgleichen.<\/li>\n<li><strong>Hyalurons\u00e4ure-Derivate<\/strong> f\u00fcr den Schutz und die Hydratation der dehydrierten Haut.<\/li>\n<li><strong>Provitamin B5 und Glycyrrhizins\u00e4ure<\/strong>, die zu den Prozessen der Hautabwehr beitragen.<\/li>\n<\/ul>\n<p>L\u00e4sst sich leicht auftragen und zieht schnell ein, ohne fettige R\u00fcckst\u00e4nde zu hinterlassen.<br \/>\nKein Duft.<\/p>\n<p>Airless-Flasche von 30ml.<\/p>\n<p>Dermatologisch getestet<\/p>\n","protected":false},"excerpt":{"rendered":"<p>Gesichtscreme Boderm Erhellung ist eine mehrphasige Creme, die stabile Bleichmittel enth\u00e4lt: Alpha-Arbutin. Niacinamid Kojic Dipalmitate, die den ungleichm\u00e4\u00dfigen Hautton der [&hellip;]<\/p>\n","protected":false},"featured_media":5762,"comment_status":"closed","ping_status":"closed","template":"","meta":{"site-sidebar-layout":"default","site-content-layout":"","ast-site-content-layout":"default","site-content-style":"default","site-sidebar-style":"default","ast-global-header-display":"","ast-banner-title-visibility":"","ast-main-header-display":"","ast-hfb-above-header-display":"","ast-hfb-below-header-display":"","ast-hfb-mobile-header-display":"","site-post-title":"","ast-breadcrumbs-content":"","ast-featured-img":"","footer-sml-layout":"","ast-disable-related-posts":"","theme-transparent-header-meta":"default","adv-header-id-meta":"","stick-header-meta":"","header-above-stick-meta":"","header-main-stick-meta":"","header-below-stick-meta":"","astra-migrate-meta-layouts":"set","ast-page-background-enabled":"default","ast-page-background-meta":{"desktop":{"background-color":"var(--ast-global-color-5)","background-image":"","background-repeat":"repeat","background-position":"center center","background-size":"auto","background-attachment":"scroll","background-type":"","background-media":"","overlay-type":"","overlay-color":"","overlay-opacity":"","overlay-gradient":""},"tablet":{"background-color":"","background-image":"","background-repeat":"repeat","background-position":"center center","background-size":"auto","background-attachment":"scroll","background-type":"","background-media":"","overlay-type":"","overlay-color":"","overlay-opacity":"","overlay-gradient":""},"mobile":{"background-color":"","background-image":"","background-repeat":"repeat","background-position":"center center","background-size":"auto","background-attachment":"scroll","background-type":"","background-media":"","overlay-type":"","overlay-color":"","overlay-opacity":"","overlay-gradient":""}},"ast-content-background-meta":{"desktop":{"background-color":"var(--ast-global-color-4)","background-image":"","background-repeat":"repeat","background-position":"center center","background-size":"auto","background-attachment":"scroll","background-type":"","background-media":"","overlay-type":"","overlay-color":"","overlay-opacity":"","overlay-gradient":""},"tablet":{"background-color":"var(--ast-global-color-4)","background-image":"","background-repeat":"repeat","background-position":"center center","background-size":"auto","background-attachment":"scroll","background-type":"","background-media":"","overlay-type":"","overlay-color":"","overlay-opacity":"","overlay-gradient":""},"mobile":{"background-color":"var(--ast-global-color-4)","background-image":"","background-repeat":"repeat","background-position":"center center","background-size":"auto","background-attachment":"scroll","background-type":"","background-media":"","overlay-type":"","overlay-color":"","overlay-opacity":"","overlay-gradient":""}}},"product_brand":[],"product_cat":[108,95,100],"product_tag":[],"class_list":{"0":"post-5760","1":"product","2":"type-product","3":"status-publish","4":"has-post-thumbnail","6":"product_cat-asthetische-dermatologie","7":"product_cat-premium-kollektion-fur-gesichtspflege","8":"product_cat-produkte","9":"desktop-align-left","10":"tablet-align-left","11":"mobile-align-left","13":"first","14":"instock","15":"purchasable","16":"product-type-simple"},"_links":{"self":[{"href":"https:\/\/demo.myboderm.com\/de\/wp-json\/wp\/v2\/product\/5760","targetHints":{"allow":["GET"]}}],"collection":[{"href":"https:\/\/demo.myboderm.com\/de\/wp-json\/wp\/v2\/product"}],"about":[{"href":"https:\/\/demo.myboderm.com\/de\/wp-json\/wp\/v2\/types\/product"}],"replies":[{"embeddable":true,"href":"https:\/\/demo.myboderm.com\/de\/wp-json\/wp\/v2\/comments?post=5760"}],"version-history":[{"count":1,"href":"https:\/\/demo.myboderm.com\/de\/wp-json\/wp\/v2\/product\/5760\/revisions"}],"predecessor-version":[{"id":5761,"href":"https:\/\/demo.myboderm.com\/de\/wp-json\/wp\/v2\/product\/5760\/revisions\/5761"}],"wp:featuredmedia":[{"embeddable":true,"href":"https:\/\/demo.myboderm.com\/de\/wp-json\/wp\/v2\/media\/5762"}],"wp:attachment":[{"href":"https:\/\/demo.myboderm.com\/de\/wp-json\/wp\/v2\/media?parent=5760"}],"wp:term":[{"taxonomy":"product_brand","embeddable":true,"href":"https:\/\/demo.myboderm.com\/de\/wp-json\/wp\/v2\/product_brand?post=5760"},{"taxonomy":"product_cat","embeddable":true,"href":"https:\/\/demo.myboderm.com\/de\/wp-json\/wp\/v2\/product_cat?post=5760"},{"taxonomy":"product_tag","embeddable":true,"href":"https:\/\/demo.myboderm.com\/de\/wp-json\/wp\/v2\/product_tag?post=5760"}],"curies":[{"name":"wp","href":"https:\/\/api.w.org\/{rel}","templated":true}]}}