{"id":5754,"date":"2025-09-16T09:14:08","date_gmt":"2025-09-16T09:14:08","guid":{"rendered":"https:\/\/demo.myboderm.com\/product\/leuchtende-augen\/"},"modified":"2026-03-13T08:29:19","modified_gmt":"2026-03-13T08:29:19","slug":"leuchtende-augen","status":"publish","type":"product","link":"https:\/\/demo.myboderm.com\/de\/produkt\/leuchtende-augen\/","title":{"rendered":"Leuchtende Augen"},"content":{"rendered":"<p>Augencreme<br \/>\n<strong>Boderm Leuchtende Augen<\/strong> ist eine Creme mit Fl\u00fcssigkristallstruktur f\u00fcr die empfindliche Augenpartie. Sie enth\u00e4lt nat\u00fcrliche Feuchtigkeitsfaktoren, die die verlorene Elastizit\u00e4t der Haut wiederherstellen, wie z.B.:<\/p>\n<ul>\n<li><strong>Hyalurons\u00e4ure.<\/strong><\/li>\n<li><strong>Retinol-Derivat.<\/strong><\/li>\n<li><strong>Oligopeptide.<\/strong><\/li>\n<\/ul>\n<p>Angereichert mit einem <strong>Komplex spezieller Faktoren<\/strong> zur Vorbeugung von Augenringen und f\u00fcr strahlendere Augen. Zieht sofort ein und tr\u00e4gt zur t\u00e4glichen Pflege der Haut um die Augen bei.<\/p>\n<p>Airless-Flasche mit 15 ml.<\/p>\n<p>Dermatologisch und ophthalmologisch getestet<\/p>\n","protected":false},"excerpt":{"rendered":"<p>Augencreme Boderm Leuchtende Augen ist eine Creme mit Fl\u00fcssigkristallstruktur f\u00fcr die empfindliche Augenpartie. Sie enth\u00e4lt nat\u00fcrliche Feuchtigkeitsfaktoren, die die verlorene [&hellip;]<\/p>\n","protected":false},"featured_media":5756,"comment_status":"closed","ping_status":"closed","template":"","meta":{"site-sidebar-layout":"default","site-content-layout":"","ast-site-content-layout":"default","site-content-style":"default","site-sidebar-style":"default","ast-global-header-display":"","ast-banner-title-visibility":"","ast-main-header-display":"","ast-hfb-above-header-display":"","ast-hfb-below-header-display":"","ast-hfb-mobile-header-display":"","site-post-title":"","ast-breadcrumbs-content":"","ast-featured-img":"","footer-sml-layout":"","ast-disable-related-posts":"","theme-transparent-header-meta":"default","adv-header-id-meta":"","stick-header-meta":"","header-above-stick-meta":"","header-main-stick-meta":"","header-below-stick-meta":"","astra-migrate-meta-layouts":"set","ast-page-background-enabled":"default","ast-page-background-meta":{"desktop":{"background-color":"var(--ast-global-color-5)","background-image":"","background-repeat":"repeat","background-position":"center center","background-size":"auto","background-attachment":"scroll","background-type":"","background-media":"","overlay-type":"","overlay-color":"","overlay-opacity":"","overlay-gradient":""},"tablet":{"background-color":"","background-image":"","background-repeat":"repeat","background-position":"center center","background-size":"auto","background-attachment":"scroll","background-type":"","background-media":"","overlay-type":"","overlay-color":"","overlay-opacity":"","overlay-gradient":""},"mobile":{"background-color":"","background-image":"","background-repeat":"repeat","background-position":"center center","background-size":"auto","background-attachment":"scroll","background-type":"","background-media":"","overlay-type":"","overlay-color":"","overlay-opacity":"","overlay-gradient":""}},"ast-content-background-meta":{"desktop":{"background-color":"var(--ast-global-color-4)","background-image":"","background-repeat":"repeat","background-position":"center center","background-size":"auto","background-attachment":"scroll","background-type":"","background-media":"","overlay-type":"","overlay-color":"","overlay-opacity":"","overlay-gradient":""},"tablet":{"background-color":"var(--ast-global-color-4)","background-image":"","background-repeat":"repeat","background-position":"center center","background-size":"auto","background-attachment":"scroll","background-type":"","background-media":"","overlay-type":"","overlay-color":"","overlay-opacity":"","overlay-gradient":""},"mobile":{"background-color":"var(--ast-global-color-4)","background-image":"","background-repeat":"repeat","background-position":"center center","background-size":"auto","background-attachment":"scroll","background-type":"","background-media":"","overlay-type":"","overlay-color":"","overlay-opacity":"","overlay-gradient":""}}},"product_brand":[],"product_cat":[108,95,100],"product_tag":[],"class_list":{"0":"post-5754","1":"product","2":"type-product","3":"status-publish","4":"has-post-thumbnail","6":"product_cat-asthetische-dermatologie","7":"product_cat-premium-kollektion-fur-gesichtspflege","8":"product_cat-produkte","9":"desktop-align-left","10":"tablet-align-left","11":"mobile-align-left","13":"first","14":"instock","15":"product-type-simple"},"_links":{"self":[{"href":"https:\/\/demo.myboderm.com\/de\/wp-json\/wp\/v2\/product\/5754","targetHints":{"allow":["GET"]}}],"collection":[{"href":"https:\/\/demo.myboderm.com\/de\/wp-json\/wp\/v2\/product"}],"about":[{"href":"https:\/\/demo.myboderm.com\/de\/wp-json\/wp\/v2\/types\/product"}],"replies":[{"embeddable":true,"href":"https:\/\/demo.myboderm.com\/de\/wp-json\/wp\/v2\/comments?post=5754"}],"version-history":[{"count":1,"href":"https:\/\/demo.myboderm.com\/de\/wp-json\/wp\/v2\/product\/5754\/revisions"}],"predecessor-version":[{"id":5755,"href":"https:\/\/demo.myboderm.com\/de\/wp-json\/wp\/v2\/product\/5754\/revisions\/5755"}],"wp:featuredmedia":[{"embeddable":true,"href":"https:\/\/demo.myboderm.com\/de\/wp-json\/wp\/v2\/media\/5756"}],"wp:attachment":[{"href":"https:\/\/demo.myboderm.com\/de\/wp-json\/wp\/v2\/media?parent=5754"}],"wp:term":[{"taxonomy":"product_brand","embeddable":true,"href":"https:\/\/demo.myboderm.com\/de\/wp-json\/wp\/v2\/product_brand?post=5754"},{"taxonomy":"product_cat","embeddable":true,"href":"https:\/\/demo.myboderm.com\/de\/wp-json\/wp\/v2\/product_cat?post=5754"},{"taxonomy":"product_tag","embeddable":true,"href":"https:\/\/demo.myboderm.com\/de\/wp-json\/wp\/v2\/product_tag?post=5754"}],"curies":[{"name":"wp","href":"https:\/\/api.w.org\/{rel}","templated":true}]}}