{"id":5724,"date":"2025-09-16T09:13:58","date_gmt":"2025-09-16T09:13:58","guid":{"rendered":"https:\/\/demo.myboderm.com\/product\/atom-koerperlotion-schimmernd-300ml\/"},"modified":"2026-03-11T12:00:04","modified_gmt":"2026-03-11T12:00:04","slug":"atom-koerperlotion-schimmernd-300ml","status":"publish","type":"product","link":"https:\/\/demo.myboderm.com\/de\/produkt\/atom-koerperlotion-schimmernd-300ml\/","title":{"rendered":"Atom K\u00f6rperlotion Schimmernd 300ml"},"content":{"rendered":"<p>Eine Reise beginnt mit Atom, der Basis von allem und jedem. Verk\u00f6rpert mit einer meisterhaft samtigen Textur, gepaart mit dem w\u00fcrzigen Duft von exotischem Pfeffer und dem blumigen Duft von Jasmin, der uns n\u00e4her bringt und das Fundament unserer Existenz bildet.<\/p>\n<ul>\n<li>Erweichend &amp; antioxidativ<\/li>\n<li>Abessinisches \u00d6l<\/li>\n<li>Mandel\u00f6l<\/li>\n<li>Oliven\u00f6l<\/li>\n<li>Hyalurons\u00e4ure<\/li>\n<li>Shimmering Edition K\u00f6rperlotion<\/li>\n<li>H\u00f6chste Textur<\/li>\n<li>Mit Glitzer f\u00fcr Glanz<\/li>\n<\/ul>\n<p>Aromen:<\/p>\n<p>Exotischer Pfeffer<\/p>\n<p>Jasmin<\/p>\n<p>Dermatologisch getestet<\/p>\n","protected":false},"excerpt":{"rendered":"<p>Eine Reise beginnt mit Atom, der Basis von allem und jedem. Verk\u00f6rpert mit einer meisterhaft samtigen Textur, gepaart mit dem [&hellip;]<\/p>\n","protected":false},"featured_media":5726,"comment_status":"closed","ping_status":"closed","template":"","meta":{"site-sidebar-layout":"default","site-content-layout":"","ast-site-content-layout":"default","site-content-style":"default","site-sidebar-style":"default","ast-global-header-display":"","ast-banner-title-visibility":"","ast-main-header-display":"","ast-hfb-above-header-display":"","ast-hfb-below-header-display":"","ast-hfb-mobile-header-display":"","site-post-title":"","ast-breadcrumbs-content":"","ast-featured-img":"","footer-sml-layout":"","ast-disable-related-posts":"","theme-transparent-header-meta":"default","adv-header-id-meta":"","stick-header-meta":"","header-above-stick-meta":"","header-main-stick-meta":"","header-below-stick-meta":"","astra-migrate-meta-layouts":"set","ast-page-background-enabled":"default","ast-page-background-meta":{"desktop":{"background-color":"var(--ast-global-color-5)","background-image":"","background-repeat":"repeat","background-position":"center center","background-size":"auto","background-attachment":"scroll","background-type":"","background-media":"","overlay-type":"","overlay-color":"","overlay-opacity":"","overlay-gradient":""},"tablet":{"background-color":"","background-image":"","background-repeat":"repeat","background-position":"center center","background-size":"auto","background-attachment":"scroll","background-type":"","background-media":"","overlay-type":"","overlay-color":"","overlay-opacity":"","overlay-gradient":""},"mobile":{"background-color":"","background-image":"","background-repeat":"repeat","background-position":"center center","background-size":"auto","background-attachment":"scroll","background-type":"","background-media":"","overlay-type":"","overlay-color":"","overlay-opacity":"","overlay-gradient":""}},"ast-content-background-meta":{"desktop":{"background-color":"var(--ast-global-color-4)","background-image":"","background-repeat":"repeat","background-position":"center center","background-size":"auto","background-attachment":"scroll","background-type":"","background-media":"","overlay-type":"","overlay-color":"","overlay-opacity":"","overlay-gradient":""},"tablet":{"background-color":"var(--ast-global-color-4)","background-image":"","background-repeat":"repeat","background-position":"center center","background-size":"auto","background-attachment":"scroll","background-type":"","background-media":"","overlay-type":"","overlay-color":"","overlay-opacity":"","overlay-gradient":""},"mobile":{"background-color":"var(--ast-global-color-4)","background-image":"","background-repeat":"repeat","background-position":"center center","background-size":"auto","background-attachment":"scroll","background-type":"","background-media":"","overlay-type":"","overlay-color":"","overlay-opacity":"","overlay-gradient":""}}},"product_brand":[],"product_cat":[94,105,100],"product_tag":[],"class_list":{"0":"post-5724","1":"product","2":"type-product","3":"status-publish","4":"has-post-thumbnail","6":"product_cat-korperpflege-premium-kollektion","7":"product_cat-kosmetika","8":"product_cat-produkte","9":"desktop-align-left","10":"tablet-align-left","11":"mobile-align-left","13":"first","14":"instock","15":"product-type-simple"},"_links":{"self":[{"href":"https:\/\/demo.myboderm.com\/de\/wp-json\/wp\/v2\/product\/5724","targetHints":{"allow":["GET"]}}],"collection":[{"href":"https:\/\/demo.myboderm.com\/de\/wp-json\/wp\/v2\/product"}],"about":[{"href":"https:\/\/demo.myboderm.com\/de\/wp-json\/wp\/v2\/types\/product"}],"replies":[{"embeddable":true,"href":"https:\/\/demo.myboderm.com\/de\/wp-json\/wp\/v2\/comments?post=5724"}],"version-history":[{"count":2,"href":"https:\/\/demo.myboderm.com\/de\/wp-json\/wp\/v2\/product\/5724\/revisions"}],"predecessor-version":[{"id":5911,"href":"https:\/\/demo.myboderm.com\/de\/wp-json\/wp\/v2\/product\/5724\/revisions\/5911"}],"wp:featuredmedia":[{"embeddable":true,"href":"https:\/\/demo.myboderm.com\/de\/wp-json\/wp\/v2\/media\/5726"}],"wp:attachment":[{"href":"https:\/\/demo.myboderm.com\/de\/wp-json\/wp\/v2\/media?parent=5724"}],"wp:term":[{"taxonomy":"product_brand","embeddable":true,"href":"https:\/\/demo.myboderm.com\/de\/wp-json\/wp\/v2\/product_brand?post=5724"},{"taxonomy":"product_cat","embeddable":true,"href":"https:\/\/demo.myboderm.com\/de\/wp-json\/wp\/v2\/product_cat?post=5724"},{"taxonomy":"product_tag","embeddable":true,"href":"https:\/\/demo.myboderm.com\/de\/wp-json\/wp\/v2\/product_tag?post=5724"}],"curies":[{"name":"wp","href":"https:\/\/api.w.org\/{rel}","templated":true}]}}