{"id":5667,"date":"2025-09-16T09:13:51","date_gmt":"2025-09-16T09:13:51","guid":{"rendered":"https:\/\/demo.myboderm.com\/product\/boskin-emolient-creme-100ml-500ml\/"},"modified":"2026-03-13T14:42:19","modified_gmt":"2026-03-13T14:42:19","slug":"boskin-emolient-creme-100ml-500ml","status":"publish","type":"product","link":"https:\/\/demo.myboderm.com\/de\/produkt\/boskin-emolient-creme-100ml-500ml\/","title":{"rendered":"BOSKIN\u2122 Emolient Creme 100ml &#038; 500ml"},"content":{"rendered":"<p class=\" translation-block\"><b>Boskin\u2122 Emolient Creme<\/b> bek\u00e4mpft die Trockenheit in Hautbereichen, die Juckreiz und Irritationen aufweisen, und bietet Schutz vor den Symptomen der atopischen Dermatitis.<\/p>\n<p>Seine einzigartige Zusammensetzung ist reich an:<\/p>\n<ul>\n<li><b>Natriumhyaluronat<\/b><\/li>\n<li><b>Glyzerin<\/b><\/li>\n<li><b>Aloe<\/b><\/li>\n<li><b>Propolis-Extrakt<\/b><\/li>\n<li><b>Honig-Extrakt<\/b><\/li>\n<li><b>Panthenol<\/b><\/li>\n<li><b>Oliven\u00f6l<\/b><\/li>\n<li><b>Glyzerin<\/b><\/li>\n<li><b>Shea Butter<\/b><\/li>\n<\/ul>\n<p class=\" translation-block\">Die Kombination dieser Inhaltsstoffe in Boskin\u2122 Emolient Creme hilft, die Symptome schwerer Trockenheit zu lindern, sch\u00fctzt die atopische Haut und verbessert die Funktion der Lipidbarriere der Haut. Sie wird sowohl f\u00fcr Erwachsene als auch f\u00fcr S\u00e4uglinge und Kinder mit trockener oder gereizter Haut empfohlen.<\/p>\n<p class=\" translation-block\"><b>Boskin\u2122 Emolient Creme<\/b> wirkt weichmachend und feuchtigkeitsspendend auf die Haut und hinterl\u00e4sst ein angenehmes Gef\u00fchl.<\/p>\n<p class=\" translation-block\"><b>Boskin\u2122 Emolient Creme<\/b> ist in Packungen mit <b>100 ml und 500 ml<\/b> erh\u00e4ltlich.<\/p>\n<p class=\"red\">24 Stunden Feuchtigkeitszufuhr plus antioxidative Wirkung<\/p>\n<p class=\"red\">Dermatologisch getestet<\/p>\n","protected":false},"excerpt":{"rendered":"<p>Boskin\u2122 Emolient Creme bek\u00e4mpft die Trockenheit in Hautbereichen, die Juckreiz und Irritationen aufweisen, und bietet Schutz vor den Symptomen der [&hellip;]<\/p>\n","protected":false},"featured_media":5669,"comment_status":"closed","ping_status":"closed","template":"","meta":{"site-sidebar-layout":"default","site-content-layout":"","ast-site-content-layout":"default","site-content-style":"default","site-sidebar-style":"default","ast-global-header-display":"","ast-banner-title-visibility":"","ast-main-header-display":"","ast-hfb-above-header-display":"","ast-hfb-below-header-display":"","ast-hfb-mobile-header-display":"","site-post-title":"","ast-breadcrumbs-content":"","ast-featured-img":"","footer-sml-layout":"","ast-disable-related-posts":"","theme-transparent-header-meta":"default","adv-header-id-meta":"","stick-header-meta":"","header-above-stick-meta":"","header-main-stick-meta":"","header-below-stick-meta":"","astra-migrate-meta-layouts":"set","ast-page-background-enabled":"default","ast-page-background-meta":{"desktop":{"background-color":"var(--ast-global-color-5)","background-image":"","background-repeat":"repeat","background-position":"center center","background-size":"auto","background-attachment":"scroll","background-type":"","background-media":"","overlay-type":"","overlay-color":"","overlay-opacity":"","overlay-gradient":""},"tablet":{"background-color":"","background-image":"","background-repeat":"repeat","background-position":"center center","background-size":"auto","background-attachment":"scroll","background-type":"","background-media":"","overlay-type":"","overlay-color":"","overlay-opacity":"","overlay-gradient":""},"mobile":{"background-color":"","background-image":"","background-repeat":"repeat","background-position":"center center","background-size":"auto","background-attachment":"scroll","background-type":"","background-media":"","overlay-type":"","overlay-color":"","overlay-opacity":"","overlay-gradient":""}},"ast-content-background-meta":{"desktop":{"background-color":"var(--ast-global-color-4)","background-image":"","background-repeat":"repeat","background-position":"center center","background-size":"auto","background-attachment":"scroll","background-type":"","background-media":"","overlay-type":"","overlay-color":"","overlay-opacity":"","overlay-gradient":""},"tablet":{"background-color":"var(--ast-global-color-4)","background-image":"","background-repeat":"repeat","background-position":"center center","background-size":"auto","background-attachment":"scroll","background-type":"","background-media":"","overlay-type":"","overlay-color":"","overlay-opacity":"","overlay-gradient":""},"mobile":{"background-color":"var(--ast-global-color-4)","background-image":"","background-repeat":"repeat","background-position":"center center","background-size":"auto","background-attachment":"scroll","background-type":"","background-media":"","overlay-type":"","overlay-color":"","overlay-opacity":"","overlay-gradient":""}}},"product_brand":[],"product_cat":[104,100,125],"product_tag":[],"class_list":{"0":"post-5667","1":"product","2":"type-product","3":"status-publish","4":"has-post-thumbnail","6":"product_cat-klinische-dermatologie","7":"product_cat-produkte","8":"product_cat-trockene-haut","9":"desktop-align-left","10":"tablet-align-left","11":"mobile-align-left","13":"first","14":"instock","15":"product-type-simple"},"_links":{"self":[{"href":"https:\/\/demo.myboderm.com\/de\/wp-json\/wp\/v2\/product\/5667","targetHints":{"allow":["GET"]}}],"collection":[{"href":"https:\/\/demo.myboderm.com\/de\/wp-json\/wp\/v2\/product"}],"about":[{"href":"https:\/\/demo.myboderm.com\/de\/wp-json\/wp\/v2\/types\/product"}],"replies":[{"embeddable":true,"href":"https:\/\/demo.myboderm.com\/de\/wp-json\/wp\/v2\/comments?post=5667"}],"version-history":[{"count":1,"href":"https:\/\/demo.myboderm.com\/de\/wp-json\/wp\/v2\/product\/5667\/revisions"}],"predecessor-version":[{"id":5668,"href":"https:\/\/demo.myboderm.com\/de\/wp-json\/wp\/v2\/product\/5667\/revisions\/5668"}],"wp:featuredmedia":[{"embeddable":true,"href":"https:\/\/demo.myboderm.com\/de\/wp-json\/wp\/v2\/media\/5669"}],"wp:attachment":[{"href":"https:\/\/demo.myboderm.com\/de\/wp-json\/wp\/v2\/media?parent=5667"}],"wp:term":[{"taxonomy":"product_brand","embeddable":true,"href":"https:\/\/demo.myboderm.com\/de\/wp-json\/wp\/v2\/product_brand?post=5667"},{"taxonomy":"product_cat","embeddable":true,"href":"https:\/\/demo.myboderm.com\/de\/wp-json\/wp\/v2\/product_cat?post=5667"},{"taxonomy":"product_tag","embeddable":true,"href":"https:\/\/demo.myboderm.com\/de\/wp-json\/wp\/v2\/product_tag?post=5667"}],"curies":[{"name":"wp","href":"https:\/\/api.w.org\/{rel}","templated":true}]}}