{"id":5664,"date":"2025-09-16T09:13:51","date_gmt":"2025-09-16T09:13:51","guid":{"rendered":"https:\/\/demo.myboderm.com\/product\/eczaid-creme-75ml\/"},"modified":"2026-03-13T15:04:19","modified_gmt":"2026-03-13T15:04:19","slug":"eczaid-creme-75ml","status":"publish","type":"product","link":"https:\/\/demo.myboderm.com\/de\/produkt\/eczaid-creme-75ml\/","title":{"rendered":"ECZAID\u2122 Creme 75ml"},"content":{"rendered":"<p class=\" translation-block\"><b> Eczaid\u2122 Creme<\/b> lindert die Symptome der atopischen Dermatitis, wie Trockenheit, Juckreiz, R\u00f6tung und Hautentz\u00fcndung.<\/p>\n<p>Es enth\u00e4lt:<\/p>\n<ul>\n<li><b>A-bisabolol <\/b><\/li>\n<li><b>Shea Butter<\/b><\/li>\n<li><b>Calendula-Extrakt<\/b><\/li>\n<li><b>Ectoin<\/b><\/li>\n<li><b>Lactose<\/b><\/li>\n<li><b>Milcheiwei\u00df<\/b><\/li>\n<li><b>Natriumhyaluronat<\/b><\/li>\n<li><b>Zanthoxylum Bungeanum Frucht-Extrakt<\/b><\/li>\n<\/ul>\n<p class=\" translation-block\"><b>Eczaid\u2122 Creme<\/b> wirkt beruhigend und feuchtigkeitsspendend auf die Haut und hinterl\u00e4sst ein angenehmes Gef\u00fchl.<\/p>\n<p>Erh\u00e4ltlich in einer Packung mit <b>75ml.<\/b><\/p>\n<p class=\"red\">Medizinisches Ger\u00e4t<\/p>\n<p class=\"red\">Hypoallergen<\/p>\n<p class=\"red\">Klinisch erprobt<\/p>\n<p class=\"red\">Dermatologisch getestet<\/p>\n","protected":false},"excerpt":{"rendered":"<p>Eczaid\u2122 Creme lindert die Symptome der atopischen Dermatitis, wie Trockenheit, Juckreiz, R\u00f6tung und Hautentz\u00fcndung. Es enth\u00e4lt: A-bisabolol Shea Butter Calendula-Extrakt [&hellip;]<\/p>\n","protected":false},"featured_media":5666,"comment_status":"closed","ping_status":"closed","template":"","meta":{"site-sidebar-layout":"default","site-content-layout":"","ast-site-content-layout":"default","site-content-style":"default","site-sidebar-style":"default","ast-global-header-display":"","ast-banner-title-visibility":"","ast-main-header-display":"","ast-hfb-above-header-display":"","ast-hfb-below-header-display":"","ast-hfb-mobile-header-display":"","site-post-title":"","ast-breadcrumbs-content":"","ast-featured-img":"","footer-sml-layout":"","ast-disable-related-posts":"","theme-transparent-header-meta":"default","adv-header-id-meta":"","stick-header-meta":"","header-above-stick-meta":"","header-main-stick-meta":"","header-below-stick-meta":"","astra-migrate-meta-layouts":"set","ast-page-background-enabled":"default","ast-page-background-meta":{"desktop":{"background-color":"var(--ast-global-color-5)","background-image":"","background-repeat":"repeat","background-position":"center center","background-size":"auto","background-attachment":"scroll","background-type":"","background-media":"","overlay-type":"","overlay-color":"","overlay-opacity":"","overlay-gradient":""},"tablet":{"background-color":"","background-image":"","background-repeat":"repeat","background-position":"center center","background-size":"auto","background-attachment":"scroll","background-type":"","background-media":"","overlay-type":"","overlay-color":"","overlay-opacity":"","overlay-gradient":""},"mobile":{"background-color":"","background-image":"","background-repeat":"repeat","background-position":"center center","background-size":"auto","background-attachment":"scroll","background-type":"","background-media":"","overlay-type":"","overlay-color":"","overlay-opacity":"","overlay-gradient":""}},"ast-content-background-meta":{"desktop":{"background-color":"var(--ast-global-color-4)","background-image":"","background-repeat":"repeat","background-position":"center center","background-size":"auto","background-attachment":"scroll","background-type":"","background-media":"","overlay-type":"","overlay-color":"","overlay-opacity":"","overlay-gradient":""},"tablet":{"background-color":"var(--ast-global-color-4)","background-image":"","background-repeat":"repeat","background-position":"center center","background-size":"auto","background-attachment":"scroll","background-type":"","background-media":"","overlay-type":"","overlay-color":"","overlay-opacity":"","overlay-gradient":""},"mobile":{"background-color":"var(--ast-global-color-4)","background-image":"","background-repeat":"repeat","background-position":"center center","background-size":"auto","background-attachment":"scroll","background-type":"","background-media":"","overlay-type":"","overlay-color":"","overlay-opacity":"","overlay-gradient":""}}},"product_brand":[],"product_cat":[104,100,117],"product_tag":[],"class_list":{"0":"post-5664","1":"product","2":"type-product","3":"status-publish","4":"has-post-thumbnail","6":"product_cat-klinische-dermatologie","7":"product_cat-produkte","8":"product_cat-atopische-haut","9":"desktop-align-left","10":"tablet-align-left","11":"mobile-align-left","13":"first","14":"instock","15":"product-type-simple"},"_links":{"self":[{"href":"https:\/\/demo.myboderm.com\/de\/wp-json\/wp\/v2\/product\/5664","targetHints":{"allow":["GET"]}}],"collection":[{"href":"https:\/\/demo.myboderm.com\/de\/wp-json\/wp\/v2\/product"}],"about":[{"href":"https:\/\/demo.myboderm.com\/de\/wp-json\/wp\/v2\/types\/product"}],"replies":[{"embeddable":true,"href":"https:\/\/demo.myboderm.com\/de\/wp-json\/wp\/v2\/comments?post=5664"}],"version-history":[{"count":1,"href":"https:\/\/demo.myboderm.com\/de\/wp-json\/wp\/v2\/product\/5664\/revisions"}],"predecessor-version":[{"id":5665,"href":"https:\/\/demo.myboderm.com\/de\/wp-json\/wp\/v2\/product\/5664\/revisions\/5665"}],"wp:featuredmedia":[{"embeddable":true,"href":"https:\/\/demo.myboderm.com\/de\/wp-json\/wp\/v2\/media\/5666"}],"wp:attachment":[{"href":"https:\/\/demo.myboderm.com\/de\/wp-json\/wp\/v2\/media?parent=5664"}],"wp:term":[{"taxonomy":"product_brand","embeddable":true,"href":"https:\/\/demo.myboderm.com\/de\/wp-json\/wp\/v2\/product_brand?post=5664"},{"taxonomy":"product_cat","embeddable":true,"href":"https:\/\/demo.myboderm.com\/de\/wp-json\/wp\/v2\/product_cat?post=5664"},{"taxonomy":"product_tag","embeddable":true,"href":"https:\/\/demo.myboderm.com\/de\/wp-json\/wp\/v2\/product_tag?post=5664"}],"curies":[{"name":"wp","href":"https:\/\/api.w.org\/{rel}","templated":true}]}}