{"id":5649,"date":"2025-09-16T09:13:51","date_gmt":"2025-09-16T09:13:51","guid":{"rendered":"https:\/\/demo.myboderm.com\/product\/oliprox-schaumstoff-150ml\/"},"modified":"2026-03-13T14:20:10","modified_gmt":"2026-03-13T14:20:10","slug":"oliprox-schaumstoff-150ml","status":"publish","type":"product","link":"https:\/\/demo.myboderm.com\/de\/produkt\/oliprox-schaumstoff-150ml\/","title":{"rendered":"OLIPROX\u2122 Schaumstoff 150ml"},"content":{"rendered":"<p class=\" translation-block\"><strong>OLIPROX\u2122 Schaumstoff <\/strong>wurde als wirksames Produkt gegen Mikroorganismen entwickelt, die f\u00fcr die Kopfhaut und den K\u00f6rper sch\u00e4dlich sind. Diese Mikroorganismen sind f\u00fcr eine sich verschlimmernde Situation namens seborrhoische Dermatitis (Kopfhaut und K\u00f6rper) verantwortlich.<\/p>\n<p><strong>OLIPROX\u2122 Schaumstoff <\/strong>verwendet eine einzigartige Formulierung, die Folgendes enth\u00e4lt:<\/p>\n<ul>\n<li><b>Pirocton-Olamin<\/b><\/li>\n<li><b>Climbazol, Pirocton Olamin und Rosmarin-Extrakt in w\u00e4ssriger Gel-Formulierung.<\/b><\/li>\n<li><b>A-bisabolol <\/b><\/li>\n<li><b>Biotin<\/b><\/li>\n<li><b>Glyzerin<\/b><\/li>\n<li><b>Panthenol<\/b><\/li>\n<\/ul>\n<p>Erh\u00e4ltlich in einer Packung mit <b>150ml<\/b>.<\/p>\n<p class=\"red\">Medizinisches Ger\u00e4t<\/p>\n<p class=\"red\">Dermatologisch getestet<\/p>\n","protected":false},"excerpt":{"rendered":"<p>OLIPROX\u2122 Schaumstoff wurde als wirksames Produkt gegen Mikroorganismen entwickelt, die f\u00fcr die Kopfhaut und den K\u00f6rper sch\u00e4dlich sind. Diese Mikroorganismen [&hellip;]<\/p>\n","protected":false},"featured_media":5651,"comment_status":"closed","ping_status":"closed","template":"","meta":{"site-sidebar-layout":"default","site-content-layout":"","ast-site-content-layout":"default","site-content-style":"default","site-sidebar-style":"default","ast-global-header-display":"","ast-banner-title-visibility":"","ast-main-header-display":"","ast-hfb-above-header-display":"","ast-hfb-below-header-display":"","ast-hfb-mobile-header-display":"","site-post-title":"","ast-breadcrumbs-content":"","ast-featured-img":"","footer-sml-layout":"","ast-disable-related-posts":"","theme-transparent-header-meta":"default","adv-header-id-meta":"","stick-header-meta":"","header-above-stick-meta":"","header-main-stick-meta":"","header-below-stick-meta":"","astra-migrate-meta-layouts":"set","ast-page-background-enabled":"default","ast-page-background-meta":{"desktop":{"background-color":"var(--ast-global-color-5)","background-image":"","background-repeat":"repeat","background-position":"center center","background-size":"auto","background-attachment":"scroll","background-type":"","background-media":"","overlay-type":"","overlay-color":"","overlay-opacity":"","overlay-gradient":""},"tablet":{"background-color":"","background-image":"","background-repeat":"repeat","background-position":"center center","background-size":"auto","background-attachment":"scroll","background-type":"","background-media":"","overlay-type":"","overlay-color":"","overlay-opacity":"","overlay-gradient":""},"mobile":{"background-color":"","background-image":"","background-repeat":"repeat","background-position":"center center","background-size":"auto","background-attachment":"scroll","background-type":"","background-media":"","overlay-type":"","overlay-color":"","overlay-opacity":"","overlay-gradient":""}},"ast-content-background-meta":{"desktop":{"background-color":"var(--ast-global-color-4)","background-image":"","background-repeat":"repeat","background-position":"center center","background-size":"auto","background-attachment":"scroll","background-type":"","background-media":"","overlay-type":"","overlay-color":"","overlay-opacity":"","overlay-gradient":""},"tablet":{"background-color":"var(--ast-global-color-4)","background-image":"","background-repeat":"repeat","background-position":"center center","background-size":"auto","background-attachment":"scroll","background-type":"","background-media":"","overlay-type":"","overlay-color":"","overlay-opacity":"","overlay-gradient":""},"mobile":{"background-color":"var(--ast-global-color-4)","background-image":"","background-repeat":"repeat","background-position":"center center","background-size":"auto","background-attachment":"scroll","background-type":"","background-media":"","overlay-type":"","overlay-color":"","overlay-opacity":"","overlay-gradient":""}}},"product_brand":[],"product_cat":[104,100,152],"product_tag":[],"class_list":{"0":"post-5649","1":"product","2":"type-product","3":"status-publish","4":"has-post-thumbnail","6":"product_cat-klinische-dermatologie","7":"product_cat-produkte","8":"product_cat-seborrhoische-dermatitis","9":"desktop-align-left","10":"tablet-align-left","11":"mobile-align-left","13":"first","14":"instock","15":"product-type-simple"},"_links":{"self":[{"href":"https:\/\/demo.myboderm.com\/de\/wp-json\/wp\/v2\/product\/5649","targetHints":{"allow":["GET"]}}],"collection":[{"href":"https:\/\/demo.myboderm.com\/de\/wp-json\/wp\/v2\/product"}],"about":[{"href":"https:\/\/demo.myboderm.com\/de\/wp-json\/wp\/v2\/types\/product"}],"replies":[{"embeddable":true,"href":"https:\/\/demo.myboderm.com\/de\/wp-json\/wp\/v2\/comments?post=5649"}],"version-history":[{"count":2,"href":"https:\/\/demo.myboderm.com\/de\/wp-json\/wp\/v2\/product\/5649\/revisions"}],"predecessor-version":[{"id":6092,"href":"https:\/\/demo.myboderm.com\/de\/wp-json\/wp\/v2\/product\/5649\/revisions\/6092"}],"wp:featuredmedia":[{"embeddable":true,"href":"https:\/\/demo.myboderm.com\/de\/wp-json\/wp\/v2\/media\/5651"}],"wp:attachment":[{"href":"https:\/\/demo.myboderm.com\/de\/wp-json\/wp\/v2\/media?parent=5649"}],"wp:term":[{"taxonomy":"product_brand","embeddable":true,"href":"https:\/\/demo.myboderm.com\/de\/wp-json\/wp\/v2\/product_brand?post=5649"},{"taxonomy":"product_cat","embeddable":true,"href":"https:\/\/demo.myboderm.com\/de\/wp-json\/wp\/v2\/product_cat?post=5649"},{"taxonomy":"product_tag","embeddable":true,"href":"https:\/\/demo.myboderm.com\/de\/wp-json\/wp\/v2\/product_tag?post=5649"}],"curies":[{"name":"wp","href":"https:\/\/api.w.org\/{rel}","templated":true}]}}