{"id":5637,"date":"2025-09-16T09:13:51","date_gmt":"2025-09-16T09:13:51","guid":{"rendered":"https:\/\/demo.myboderm.com\/product\/hairgen-orale-loesung-300ml\/"},"modified":"2026-03-06T14:20:08","modified_gmt":"2026-03-06T14:20:08","slug":"hairgen-orale-loesung-300ml","status":"publish","type":"product","link":"https:\/\/demo.myboderm.com\/de\/produkt\/hairgen-orale-loesung-300ml\/","title":{"rendered":"HAIRGEN\u2122 Orale L\u00f6sung 300ml"},"content":{"rendered":"<p class=\" translation-block\"><b>Hairgen\u2122 Orale<\/b> L\u00f6sung ist ein Nahrungserg\u00e4nzungsmittel f\u00fcr die Erhaltung gesunder Haare und Haut. Hairgen\u2122 orale L\u00f6sung enth\u00e4lt:<\/p>\n<ul>\n<li class=\" translation-block\"><b>Selen.<\/b>Ein starkes Antioxidans, das zu gesundem Haar und gesunder Haut beitr\u00e4gt.<\/li>\n<li class=\" translation-block\"><b>Selen<\/b>. Ein starkes Antioxidans, das zu gesundem Haar und gesunder Haut beitr\u00e4gt.<\/li>\n<li class=\" translation-block\"><b>Zink.<\/b> Ein wesentliches Element, das vor Haarausfall und trockener Haut sch\u00fctzt.<\/li>\n<li class=\" translation-block\"><b>Vitamin B5. <\/b> Es tr\u00e4gt zum Nachwachsen der Haare bei.<\/li>\n<li class=\" translation-block\"><b>Biotin. <\/b> Es ist an der Produktion von Keratin beteiligt und tr\u00e4gt zur St\u00e4rkung und zum Glanz von Haaren und Haut bei.<\/li>\n<li class=\" translation-block\"><b>Vitamin E.<\/b> Es hat eine starke antioxidative Wirkung auf die menschlichen Zellen.<\/li>\n<li class=\" translation-block\"><b>Granatapfel-Extrakt. <\/b>Ein starker antioxidativer Faktor.<\/li>\n<li class=\" translation-block\"><b>Aloe vera.<\/b> Es erh\u00f6ht die Kollagensynthese.<\/li>\n<\/ul>\n<p class=\" translation-block\">Packung mit 3 Flaschen \u00e0 100 ml mit Dosierkappe.<\/p>\n","protected":false},"excerpt":{"rendered":"<p>Hairgen\u2122 Orale L\u00f6sung ist ein Nahrungserg\u00e4nzungsmittel f\u00fcr die Erhaltung gesunder Haare und Haut. Hairgen\u2122 orale L\u00f6sung enth\u00e4lt: Selen.Ein starkes Antioxidans, [&hellip;]<\/p>\n","protected":false},"featured_media":5639,"comment_status":"closed","ping_status":"closed","template":"","meta":{"site-sidebar-layout":"default","site-content-layout":"","ast-site-content-layout":"default","site-content-style":"default","site-sidebar-style":"default","ast-global-header-display":"","ast-banner-title-visibility":"","ast-main-header-display":"","ast-hfb-above-header-display":"","ast-hfb-below-header-display":"","ast-hfb-mobile-header-display":"","site-post-title":"","ast-breadcrumbs-content":"","ast-featured-img":"","footer-sml-layout":"","ast-disable-related-posts":"","theme-transparent-header-meta":"default","adv-header-id-meta":"","stick-header-meta":"","header-above-stick-meta":"","header-main-stick-meta":"","header-below-stick-meta":"","astra-migrate-meta-layouts":"default","ast-page-background-enabled":"default","ast-page-background-meta":{"desktop":{"background-color":"var(--ast-global-color-5)","background-image":"","background-repeat":"repeat","background-position":"center center","background-size":"auto","background-attachment":"scroll","background-type":"","background-media":"","overlay-type":"","overlay-color":"","overlay-opacity":"","overlay-gradient":""},"tablet":{"background-color":"","background-image":"","background-repeat":"repeat","background-position":"center center","background-size":"auto","background-attachment":"scroll","background-type":"","background-media":"","overlay-type":"","overlay-color":"","overlay-opacity":"","overlay-gradient":""},"mobile":{"background-color":"","background-image":"","background-repeat":"repeat","background-position":"center center","background-size":"auto","background-attachment":"scroll","background-type":"","background-media":"","overlay-type":"","overlay-color":"","overlay-opacity":"","overlay-gradient":""}},"ast-content-background-meta":{"desktop":{"background-color":"var(--ast-global-color-4)","background-image":"","background-repeat":"repeat","background-position":"center center","background-size":"auto","background-attachment":"scroll","background-type":"","background-media":"","overlay-type":"","overlay-color":"","overlay-opacity":"","overlay-gradient":""},"tablet":{"background-color":"var(--ast-global-color-4)","background-image":"","background-repeat":"repeat","background-position":"center center","background-size":"auto","background-attachment":"scroll","background-type":"","background-media":"","overlay-type":"","overlay-color":"","overlay-opacity":"","overlay-gradient":""},"mobile":{"background-color":"var(--ast-global-color-4)","background-image":"","background-repeat":"repeat","background-position":"center center","background-size":"auto","background-attachment":"scroll","background-type":"","background-media":"","overlay-type":"","overlay-color":"","overlay-opacity":"","overlay-gradient":""}}},"product_brand":[],"product_cat":[104,100,127],"product_tag":[],"class_list":{"0":"post-5637","1":"product","2":"type-product","3":"status-publish","4":"has-post-thumbnail","6":"product_cat-klinische-dermatologie","7":"product_cat-produkte","8":"product_cat-nahrungsergaenzungsmittel","9":"desktop-align-left","10":"tablet-align-left","11":"mobile-align-left","13":"first","14":"instock","15":"product-type-simple"},"_links":{"self":[{"href":"https:\/\/demo.myboderm.com\/de\/wp-json\/wp\/v2\/product\/5637","targetHints":{"allow":["GET"]}}],"collection":[{"href":"https:\/\/demo.myboderm.com\/de\/wp-json\/wp\/v2\/product"}],"about":[{"href":"https:\/\/demo.myboderm.com\/de\/wp-json\/wp\/v2\/types\/product"}],"replies":[{"embeddable":true,"href":"https:\/\/demo.myboderm.com\/de\/wp-json\/wp\/v2\/comments?post=5637"}],"version-history":[{"count":1,"href":"https:\/\/demo.myboderm.com\/de\/wp-json\/wp\/v2\/product\/5637\/revisions"}],"predecessor-version":[{"id":5638,"href":"https:\/\/demo.myboderm.com\/de\/wp-json\/wp\/v2\/product\/5637\/revisions\/5638"}],"wp:featuredmedia":[{"embeddable":true,"href":"https:\/\/demo.myboderm.com\/de\/wp-json\/wp\/v2\/media\/5639"}],"wp:attachment":[{"href":"https:\/\/demo.myboderm.com\/de\/wp-json\/wp\/v2\/media?parent=5637"}],"wp:term":[{"taxonomy":"product_brand","embeddable":true,"href":"https:\/\/demo.myboderm.com\/de\/wp-json\/wp\/v2\/product_brand?post=5637"},{"taxonomy":"product_cat","embeddable":true,"href":"https:\/\/demo.myboderm.com\/de\/wp-json\/wp\/v2\/product_cat?post=5637"},{"taxonomy":"product_tag","embeddable":true,"href":"https:\/\/demo.myboderm.com\/de\/wp-json\/wp\/v2\/product_tag?post=5637"}],"curies":[{"name":"wp","href":"https:\/\/api.w.org\/{rel}","templated":true}]}}