{"id":5631,"date":"2025-09-16T09:13:51","date_gmt":"2025-09-16T09:13:51","guid":{"rendered":"https:\/\/demo.myboderm.com\/product\/oliprox-orale-loesung-300-ml\/"},"modified":"2026-03-13T14:21:58","modified_gmt":"2026-03-13T14:21:58","slug":"oliprox-orale-loesung-300-ml","status":"publish","type":"product","link":"https:\/\/demo.myboderm.com\/de\/produkt\/oliprox-orale-loesung-300-ml\/","title":{"rendered":"OLIPROX\u2122 Orale L\u00f6sung 300 ml"},"content":{"rendered":"<p class=\" translation-block\"><b>Oliprox\u2122 Orale L\u00f6sung<\/b> ist ein Nahrungserg\u00e4nzungsmittel f\u00fcr die Erhaltung gesunder N\u00e4gel und Haut.<\/p>\n<p class=\" translation-block\">Oliprox\u2122 Orale L\u00f6sung enth\u00e4lt die folgenden n\u00fctzlichen Inhaltsstoffe:<\/p>\n<ul>\n<li class=\" translation-block\"><b>Selen, Zink und Vitamin B5<\/b> sind wichtige Bestandteile f\u00fcr die Erhaltung gesunder N\u00e4gel und Haut.<\/li>\n<li class=\" translation-block\"><b>Biotin<\/b> f\u00f6rdert ein gesundes Zellwachstum und unterst\u00fctzt den Stoffwechsel der proteinbildenden Aminos\u00e4uren, die f\u00fcr das Nagelwachstum unerl\u00e4sslich sind.<\/li>\n<li class=\" translation-block\"><b>Vitamin E und Hydroxytyrosol<\/b> haben eine starke antioxidative Wirkung auf menschliche Zellen.<\/li>\n<li class=\" translation-block\"><b>Papaya-Extrakt<\/b> (Quelle von Vitamin C).<\/li>\n<li class=\" translation-block\"><b>Aloe Vera und Kieselerde<\/b> sind an der Kollagenproduktion beteiligt.<\/li>\n<\/ul>\n<p class=\" translation-block\">Packung mit<b> 3 Flaschen \u00e0 100 ml<\/b> mit Dosierkappe.<br \/>\nEs ist f\u00fcr Diabetiker geeignet und enth\u00e4lt weder Gluten noch Laktose.<br \/>\nEinmal pro Tag.<\/p>\n","protected":false},"excerpt":{"rendered":"<p>Oliprox\u2122 Orale L\u00f6sung ist ein Nahrungserg\u00e4nzungsmittel f\u00fcr die Erhaltung gesunder N\u00e4gel und Haut. Oliprox\u2122 Orale L\u00f6sung enth\u00e4lt die folgenden n\u00fctzlichen [&hellip;]<\/p>\n","protected":false},"featured_media":5633,"comment_status":"closed","ping_status":"closed","template":"","meta":{"site-sidebar-layout":"default","site-content-layout":"","ast-site-content-layout":"default","site-content-style":"default","site-sidebar-style":"default","ast-global-header-display":"","ast-banner-title-visibility":"","ast-main-header-display":"","ast-hfb-above-header-display":"","ast-hfb-below-header-display":"","ast-hfb-mobile-header-display":"","site-post-title":"","ast-breadcrumbs-content":"","ast-featured-img":"","footer-sml-layout":"","ast-disable-related-posts":"","theme-transparent-header-meta":"default","adv-header-id-meta":"","stick-header-meta":"","header-above-stick-meta":"","header-main-stick-meta":"","header-below-stick-meta":"","astra-migrate-meta-layouts":"set","ast-page-background-enabled":"default","ast-page-background-meta":{"desktop":{"background-color":"var(--ast-global-color-5)","background-image":"","background-repeat":"repeat","background-position":"center center","background-size":"auto","background-attachment":"scroll","background-type":"","background-media":"","overlay-type":"","overlay-color":"","overlay-opacity":"","overlay-gradient":""},"tablet":{"background-color":"","background-image":"","background-repeat":"repeat","background-position":"center center","background-size":"auto","background-attachment":"scroll","background-type":"","background-media":"","overlay-type":"","overlay-color":"","overlay-opacity":"","overlay-gradient":""},"mobile":{"background-color":"","background-image":"","background-repeat":"repeat","background-position":"center center","background-size":"auto","background-attachment":"scroll","background-type":"","background-media":"","overlay-type":"","overlay-color":"","overlay-opacity":"","overlay-gradient":""}},"ast-content-background-meta":{"desktop":{"background-color":"var(--ast-global-color-4)","background-image":"","background-repeat":"repeat","background-position":"center center","background-size":"auto","background-attachment":"scroll","background-type":"","background-media":"","overlay-type":"","overlay-color":"","overlay-opacity":"","overlay-gradient":""},"tablet":{"background-color":"var(--ast-global-color-4)","background-image":"","background-repeat":"repeat","background-position":"center center","background-size":"auto","background-attachment":"scroll","background-type":"","background-media":"","overlay-type":"","overlay-color":"","overlay-opacity":"","overlay-gradient":""},"mobile":{"background-color":"var(--ast-global-color-4)","background-image":"","background-repeat":"repeat","background-position":"center center","background-size":"auto","background-attachment":"scroll","background-type":"","background-media":"","overlay-type":"","overlay-color":"","overlay-opacity":"","overlay-gradient":""}}},"product_brand":[],"product_cat":[104,100,127],"product_tag":[],"class_list":{"0":"post-5631","1":"product","2":"type-product","3":"status-publish","4":"has-post-thumbnail","6":"product_cat-klinische-dermatologie","7":"product_cat-produkte","8":"product_cat-nahrungsergaenzungsmittel","9":"desktop-align-left","10":"tablet-align-left","11":"mobile-align-left","13":"first","14":"instock","15":"product-type-simple"},"_links":{"self":[{"href":"https:\/\/demo.myboderm.com\/de\/wp-json\/wp\/v2\/product\/5631","targetHints":{"allow":["GET"]}}],"collection":[{"href":"https:\/\/demo.myboderm.com\/de\/wp-json\/wp\/v2\/product"}],"about":[{"href":"https:\/\/demo.myboderm.com\/de\/wp-json\/wp\/v2\/types\/product"}],"replies":[{"embeddable":true,"href":"https:\/\/demo.myboderm.com\/de\/wp-json\/wp\/v2\/comments?post=5631"}],"version-history":[{"count":1,"href":"https:\/\/demo.myboderm.com\/de\/wp-json\/wp\/v2\/product\/5631\/revisions"}],"predecessor-version":[{"id":5632,"href":"https:\/\/demo.myboderm.com\/de\/wp-json\/wp\/v2\/product\/5631\/revisions\/5632"}],"wp:featuredmedia":[{"embeddable":true,"href":"https:\/\/demo.myboderm.com\/de\/wp-json\/wp\/v2\/media\/5633"}],"wp:attachment":[{"href":"https:\/\/demo.myboderm.com\/de\/wp-json\/wp\/v2\/media?parent=5631"}],"wp:term":[{"taxonomy":"product_brand","embeddable":true,"href":"https:\/\/demo.myboderm.com\/de\/wp-json\/wp\/v2\/product_brand?post=5631"},{"taxonomy":"product_cat","embeddable":true,"href":"https:\/\/demo.myboderm.com\/de\/wp-json\/wp\/v2\/product_cat?post=5631"},{"taxonomy":"product_tag","embeddable":true,"href":"https:\/\/demo.myboderm.com\/de\/wp-json\/wp\/v2\/product_tag?post=5631"}],"curies":[{"name":"wp","href":"https:\/\/api.w.org\/{rel}","templated":true}]}}