{"id":5625,"date":"2025-09-16T09:13:51","date_gmt":"2025-09-16T09:13:51","guid":{"rendered":"https:\/\/demo.myboderm.com\/product\/boskin-gesichts-halscreme-40ml\/"},"modified":"2026-03-13T14:44:18","modified_gmt":"2026-03-13T14:44:18","slug":"boskin-gesichts-halscreme-40ml","status":"publish","type":"product","link":"https:\/\/demo.myboderm.com\/de\/produkt\/boskin-gesichts-halscreme-40ml\/","title":{"rendered":"BOSKIN\u2122 Gesichts &#038; Halscreme 40ml"},"content":{"rendered":"<p>Die <strong>Boskin\u2122 Gesichts &amp; Halscreme <\/strong>versorgt die Haut 24 Stunden lang mit Feuchtigkeit. Sie verwendet eine einzigartige Zusammensetzung, bestehend aus:<\/p>\n<ul>\n<li class=\" translation-block\"><b>Hyalurons\u00e4ure mit niedrigem Molekulargewicht: <\/b>Tiefenhydratisierung<\/li>\n<li class=\" translation-block\"><b>Vitamin E (Tocopherol):<\/b> Starkes antioxidatives Vitamin<\/li>\n<li class=\" translation-block\"><b>Olivenfruchtextrakt:<\/b> Au\u00dfergew\u00f6hnlicher Emollient-Faktor<\/li>\n<li class=\" translation-block\"><b>Provitamin B5: <\/b>Feuchthaltefaktor<\/li>\n<li class=\" translation-block\"><b>Shea-Butter:<\/b> Nat\u00fcrlicher Faktor, der die Haut erweicht und mit Feuchtigkeit versorgt<\/li>\n<li class=\" translation-block\"><b>Aloe:<\/b> Neutralisiert Reizungen und R\u00f6tungen, spendet Feuchtigkeit und macht die Haut geschmeidig<\/li>\n<\/ul>\n<p class=\" translation-block\"><strong>Boskin\u2122 Gesichts &amp; Halscreme<\/strong>\u00a0hinterl\u00e4sst ein samtiges, nicht fettendes Gef\u00fchl und ist f\u00fcr alle Hauttypen geeignet.<\/p>\n<p class=\" translation-block\"><strong>Boskin\u2122 Gesichts &amp; Halscreme<\/strong>\u00a0ist in Packungen mit 40 ml erh\u00e4ltlich.<\/p>\n<p class=\"red\">Dermatologisch getestet<\/p>\n<p class=\"red\">24 Stunden Feuchtigkeitszufuhr plus antioxidative Wirkung<\/p>\n","protected":false},"excerpt":{"rendered":"<p>Die Boskin\u2122 Gesichts &amp; Halscreme versorgt die Haut 24 Stunden lang mit Feuchtigkeit. Sie verwendet eine einzigartige Zusammensetzung, bestehend aus: [&hellip;]<\/p>\n","protected":false},"featured_media":5627,"comment_status":"closed","ping_status":"closed","template":"","meta":{"site-sidebar-layout":"default","site-content-layout":"","ast-site-content-layout":"default","site-content-style":"default","site-sidebar-style":"default","ast-global-header-display":"","ast-banner-title-visibility":"","ast-main-header-display":"","ast-hfb-above-header-display":"","ast-hfb-below-header-display":"","ast-hfb-mobile-header-display":"","site-post-title":"","ast-breadcrumbs-content":"","ast-featured-img":"","footer-sml-layout":"","ast-disable-related-posts":"","theme-transparent-header-meta":"default","adv-header-id-meta":"","stick-header-meta":"","header-above-stick-meta":"","header-main-stick-meta":"","header-below-stick-meta":"","astra-migrate-meta-layouts":"set","ast-page-background-enabled":"default","ast-page-background-meta":{"desktop":{"background-color":"var(--ast-global-color-5)","background-image":"","background-repeat":"repeat","background-position":"center center","background-size":"auto","background-attachment":"scroll","background-type":"","background-media":"","overlay-type":"","overlay-color":"","overlay-opacity":"","overlay-gradient":""},"tablet":{"background-color":"","background-image":"","background-repeat":"repeat","background-position":"center center","background-size":"auto","background-attachment":"scroll","background-type":"","background-media":"","overlay-type":"","overlay-color":"","overlay-opacity":"","overlay-gradient":""},"mobile":{"background-color":"","background-image":"","background-repeat":"repeat","background-position":"center center","background-size":"auto","background-attachment":"scroll","background-type":"","background-media":"","overlay-type":"","overlay-color":"","overlay-opacity":"","overlay-gradient":""}},"ast-content-background-meta":{"desktop":{"background-color":"var(--ast-global-color-4)","background-image":"","background-repeat":"repeat","background-position":"center center","background-size":"auto","background-attachment":"scroll","background-type":"","background-media":"","overlay-type":"","overlay-color":"","overlay-opacity":"","overlay-gradient":""},"tablet":{"background-color":"var(--ast-global-color-4)","background-image":"","background-repeat":"repeat","background-position":"center center","background-size":"auto","background-attachment":"scroll","background-type":"","background-media":"","overlay-type":"","overlay-color":"","overlay-opacity":"","overlay-gradient":""},"mobile":{"background-color":"var(--ast-global-color-4)","background-image":"","background-repeat":"repeat","background-position":"center center","background-size":"auto","background-attachment":"scroll","background-type":"","background-media":"","overlay-type":"","overlay-color":"","overlay-opacity":"","overlay-gradient":""}}},"product_brand":[],"product_cat":[105,100],"product_tag":[],"class_list":{"0":"post-5625","1":"product","2":"type-product","3":"status-publish","4":"has-post-thumbnail","6":"product_cat-kosmetika","7":"product_cat-produkte","8":"desktop-align-left","9":"tablet-align-left","10":"mobile-align-left","12":"first","13":"instock","14":"product-type-simple"},"_links":{"self":[{"href":"https:\/\/demo.myboderm.com\/de\/wp-json\/wp\/v2\/product\/5625","targetHints":{"allow":["GET"]}}],"collection":[{"href":"https:\/\/demo.myboderm.com\/de\/wp-json\/wp\/v2\/product"}],"about":[{"href":"https:\/\/demo.myboderm.com\/de\/wp-json\/wp\/v2\/types\/product"}],"replies":[{"embeddable":true,"href":"https:\/\/demo.myboderm.com\/de\/wp-json\/wp\/v2\/comments?post=5625"}],"version-history":[{"count":1,"href":"https:\/\/demo.myboderm.com\/de\/wp-json\/wp\/v2\/product\/5625\/revisions"}],"predecessor-version":[{"id":5626,"href":"https:\/\/demo.myboderm.com\/de\/wp-json\/wp\/v2\/product\/5625\/revisions\/5626"}],"wp:featuredmedia":[{"embeddable":true,"href":"https:\/\/demo.myboderm.com\/de\/wp-json\/wp\/v2\/media\/5627"}],"wp:attachment":[{"href":"https:\/\/demo.myboderm.com\/de\/wp-json\/wp\/v2\/media?parent=5625"}],"wp:term":[{"taxonomy":"product_brand","embeddable":true,"href":"https:\/\/demo.myboderm.com\/de\/wp-json\/wp\/v2\/product_brand?post=5625"},{"taxonomy":"product_cat","embeddable":true,"href":"https:\/\/demo.myboderm.com\/de\/wp-json\/wp\/v2\/product_cat?post=5625"},{"taxonomy":"product_tag","embeddable":true,"href":"https:\/\/demo.myboderm.com\/de\/wp-json\/wp\/v2\/product_tag?post=5625"}],"curies":[{"name":"wp","href":"https:\/\/api.w.org\/{rel}","templated":true}]}}