{"id":5598,"date":"2025-09-16T09:13:43","date_gmt":"2025-09-16T09:13:43","guid":{"rendered":"https:\/\/demo.myboderm.com\/product\/terbin-creme-30g\/"},"modified":"2026-03-06T14:20:02","modified_gmt":"2026-03-06T14:20:02","slug":"terbin-creme-30g","status":"publish","type":"product","link":"https:\/\/demo.myboderm.com\/de\/produkt\/terbin-creme-30g\/","title":{"rendered":"TERBIN\u2122 Creme 30g"},"content":{"rendered":"<table>\n<tbody>\n<tr>\n<th>Markenzeichen<\/th>\n<td>\u00a0<strong>TERBIN\u2122<\/strong><\/td>\n<\/tr>\n<tr>\n<th>Produktklasse<\/th>\n<td>Medizin f\u00fcr den menschlichen Gebrauch<\/td>\n<\/tr>\n<tr>\n<th>Aktiver Wirkstoff<\/th>\n<td>Terbinafin<\/td>\n<\/tr>\n<tr>\n<th>Pharmazeutische Form<\/th>\n<td>Creme<\/td>\n<\/tr>\n<tr>\n<th>Wurzel der Verwaltung<\/th>\n<td>Nur zur \u00e4u\u00dferlichen Anwendung. Kutan.<\/td>\n<\/tr>\n<tr>\n<th>Verpackung<\/th>\n<td>1 KASTEN x 1 TUBE x 30 G<\/td>\n<\/tr>\n<tr>\n<th>St\u00e4rke<\/th>\n<td>10MG\/G<\/td>\n<\/tr>\n<tr>\n<th>M. A. Holder \/ Eigent\u00fcmer<\/th>\n<td>\u00a0<strong>BODERM Pharmaceutical S.A.<\/strong><\/td>\n<\/tr>\n<\/tbody>\n<\/table>\n<p><strong>Verabreichung auf \u00e4rztliche Verschreibung<\/strong><\/p>\n","protected":false},"excerpt":{"rendered":"<p>Markenzeichen \u00a0TERBIN\u2122 Produktklasse Medizin f\u00fcr den menschlichen Gebrauch Aktiver Wirkstoff Terbinafin Pharmazeutische Form Creme Wurzel der Verwaltung Nur zur \u00e4u\u00dferlichen [&hellip;]<\/p>\n","protected":false},"featured_media":5600,"comment_status":"closed","ping_status":"closed","template":"","meta":{"site-sidebar-layout":"default","site-content-layout":"","ast-site-content-layout":"default","site-content-style":"default","site-sidebar-style":"default","ast-global-header-display":"","ast-banner-title-visibility":"","ast-main-header-display":"","ast-hfb-above-header-display":"","ast-hfb-below-header-display":"","ast-hfb-mobile-header-display":"","site-post-title":"","ast-breadcrumbs-content":"","ast-featured-img":"","footer-sml-layout":"","ast-disable-related-posts":"","theme-transparent-header-meta":"default","adv-header-id-meta":"","stick-header-meta":"","header-above-stick-meta":"","header-main-stick-meta":"","header-below-stick-meta":"","astra-migrate-meta-layouts":"default","ast-page-background-enabled":"default","ast-page-background-meta":{"desktop":{"background-color":"var(--ast-global-color-5)","background-image":"","background-repeat":"repeat","background-position":"center center","background-size":"auto","background-attachment":"scroll","background-type":"","background-media":"","overlay-type":"","overlay-color":"","overlay-opacity":"","overlay-gradient":""},"tablet":{"background-color":"","background-image":"","background-repeat":"repeat","background-position":"center center","background-size":"auto","background-attachment":"scroll","background-type":"","background-media":"","overlay-type":"","overlay-color":"","overlay-opacity":"","overlay-gradient":""},"mobile":{"background-color":"","background-image":"","background-repeat":"repeat","background-position":"center center","background-size":"auto","background-attachment":"scroll","background-type":"","background-media":"","overlay-type":"","overlay-color":"","overlay-opacity":"","overlay-gradient":""}},"ast-content-background-meta":{"desktop":{"background-color":"var(--ast-global-color-4)","background-image":"","background-repeat":"repeat","background-position":"center center","background-size":"auto","background-attachment":"scroll","background-type":"","background-media":"","overlay-type":"","overlay-color":"","overlay-opacity":"","overlay-gradient":""},"tablet":{"background-color":"var(--ast-global-color-4)","background-image":"","background-repeat":"repeat","background-position":"center center","background-size":"auto","background-attachment":"scroll","background-type":"","background-media":"","overlay-type":"","overlay-color":"","overlay-opacity":"","overlay-gradient":""},"mobile":{"background-color":"var(--ast-global-color-4)","background-image":"","background-repeat":"repeat","background-position":"center center","background-size":"auto","background-attachment":"scroll","background-type":"","background-media":"","overlay-type":"","overlay-color":"","overlay-opacity":"","overlay-gradient":""}}},"product_brand":[],"product_cat":[100,142],"product_tag":[],"class_list":{"0":"post-5598","1":"product","2":"type-product","3":"status-publish","4":"has-post-thumbnail","6":"product_cat-produkte","7":"product_cat-medikamente","8":"desktop-align-left","9":"tablet-align-left","10":"mobile-align-left","12":"first","13":"instock","14":"product-type-simple"},"_links":{"self":[{"href":"https:\/\/demo.myboderm.com\/de\/wp-json\/wp\/v2\/product\/5598","targetHints":{"allow":["GET"]}}],"collection":[{"href":"https:\/\/demo.myboderm.com\/de\/wp-json\/wp\/v2\/product"}],"about":[{"href":"https:\/\/demo.myboderm.com\/de\/wp-json\/wp\/v2\/types\/product"}],"replies":[{"embeddable":true,"href":"https:\/\/demo.myboderm.com\/de\/wp-json\/wp\/v2\/comments?post=5598"}],"version-history":[{"count":1,"href":"https:\/\/demo.myboderm.com\/de\/wp-json\/wp\/v2\/product\/5598\/revisions"}],"predecessor-version":[{"id":5599,"href":"https:\/\/demo.myboderm.com\/de\/wp-json\/wp\/v2\/product\/5598\/revisions\/5599"}],"wp:featuredmedia":[{"embeddable":true,"href":"https:\/\/demo.myboderm.com\/de\/wp-json\/wp\/v2\/media\/5600"}],"wp:attachment":[{"href":"https:\/\/demo.myboderm.com\/de\/wp-json\/wp\/v2\/media?parent=5598"}],"wp:term":[{"taxonomy":"product_brand","embeddable":true,"href":"https:\/\/demo.myboderm.com\/de\/wp-json\/wp\/v2\/product_brand?post=5598"},{"taxonomy":"product_cat","embeddable":true,"href":"https:\/\/demo.myboderm.com\/de\/wp-json\/wp\/v2\/product_cat?post=5598"},{"taxonomy":"product_tag","embeddable":true,"href":"https:\/\/demo.myboderm.com\/de\/wp-json\/wp\/v2\/product_tag?post=5598"}],"curies":[{"name":"wp","href":"https:\/\/api.w.org\/{rel}","templated":true}]}}