{"id":5588,"date":"2025-09-16T09:13:43","date_gmt":"2025-09-16T09:13:43","guid":{"rendered":"https:\/\/demo.myboderm.com\/product\/oliprox-fluessiges-pulver-75ml\/"},"modified":"2026-03-13T14:25:37","modified_gmt":"2026-03-13T14:25:37","slug":"oliprox-fluessiges-pulver-75ml","status":"publish","type":"product","link":"https:\/\/demo.myboderm.com\/de\/produkt\/oliprox-fluessiges-pulver-75ml\/","title":{"rendered":"OLIPROX\u2122 Fl\u00fcssiges Pulver 75ml"},"content":{"rendered":"<p class=\" translation-block\"><strong>OLIPROX\u2122 Fl\u00fcssiges Pulver<\/strong>\u00a0ist ein wirksames, nicht-invasives Medizinprodukt zur Bek\u00e4mpfung von Hyperhidrose und m\u00f6glichen Folgeinfektionen.<b>OLIPROX\u2122 Fl\u00fcssiges Pulver<\/b> behandelt Hyperhidrose der Handfl\u00e4chen, Achselh\u00f6hlen und Fu\u00dfsohlen (bekannt als Fu\u00dfpilz), beugt vor und sch\u00fctzt vor Infektionen.<\/p>\n<p><strong>OLIPROX\u2122 Fl\u00fcssiges Pulver<\/strong>\u00a0enth\u00e4lt<\/p>\n<ul>\n<li><b>Bambusa arundinacea Stamm-Extrakt<\/b><\/li>\n<li><b>Equisetum arvense-Extrakt<\/b><\/li>\n<li><b>Magnesium-Aluminium-Silikat<\/b><\/li>\n<li><b>Pistacia lentiscus oil and salvia officinalis oil<\/b><\/li>\n<\/ul>\n<p>Erh\u00e4ltlich in einer Packung mit <b>75ml<\/b>.<\/p>\n<p class=\"red\">Medizinisches Ger\u00e4t<\/p>\n<p class=\"red\">Dermatologisch getestet<\/p>\n","protected":false},"excerpt":{"rendered":"<p>OLIPROX\u2122 Fl\u00fcssiges Pulver\u00a0ist ein wirksames, nicht-invasives Medizinprodukt zur Bek\u00e4mpfung von Hyperhidrose und m\u00f6glichen Folgeinfektionen.OLIPROX\u2122 Fl\u00fcssiges Pulver behandelt Hyperhidrose der Handfl\u00e4chen, [&hellip;]<\/p>\n","protected":false},"featured_media":5590,"comment_status":"closed","ping_status":"closed","template":"","meta":{"site-sidebar-layout":"default","site-content-layout":"","ast-site-content-layout":"default","site-content-style":"default","site-sidebar-style":"default","ast-global-header-display":"","ast-banner-title-visibility":"","ast-main-header-display":"","ast-hfb-above-header-display":"","ast-hfb-below-header-display":"","ast-hfb-mobile-header-display":"","site-post-title":"","ast-breadcrumbs-content":"","ast-featured-img":"","footer-sml-layout":"","ast-disable-related-posts":"","theme-transparent-header-meta":"default","adv-header-id-meta":"","stick-header-meta":"","header-above-stick-meta":"","header-main-stick-meta":"","header-below-stick-meta":"","astra-migrate-meta-layouts":"set","ast-page-background-enabled":"default","ast-page-background-meta":{"desktop":{"background-color":"var(--ast-global-color-5)","background-image":"","background-repeat":"repeat","background-position":"center center","background-size":"auto","background-attachment":"scroll","background-type":"","background-media":"","overlay-type":"","overlay-color":"","overlay-opacity":"","overlay-gradient":""},"tablet":{"background-color":"","background-image":"","background-repeat":"repeat","background-position":"center center","background-size":"auto","background-attachment":"scroll","background-type":"","background-media":"","overlay-type":"","overlay-color":"","overlay-opacity":"","overlay-gradient":""},"mobile":{"background-color":"","background-image":"","background-repeat":"repeat","background-position":"center center","background-size":"auto","background-attachment":"scroll","background-type":"","background-media":"","overlay-type":"","overlay-color":"","overlay-opacity":"","overlay-gradient":""}},"ast-content-background-meta":{"desktop":{"background-color":"var(--ast-global-color-4)","background-image":"","background-repeat":"repeat","background-position":"center center","background-size":"auto","background-attachment":"scroll","background-type":"","background-media":"","overlay-type":"","overlay-color":"","overlay-opacity":"","overlay-gradient":""},"tablet":{"background-color":"var(--ast-global-color-4)","background-image":"","background-repeat":"repeat","background-position":"center center","background-size":"auto","background-attachment":"scroll","background-type":"","background-media":"","overlay-type":"","overlay-color":"","overlay-opacity":"","overlay-gradient":""},"mobile":{"background-color":"var(--ast-global-color-4)","background-image":"","background-repeat":"repeat","background-position":"center center","background-size":"auto","background-attachment":"scroll","background-type":"","background-media":"","overlay-type":"","overlay-color":"","overlay-opacity":"","overlay-gradient":""}}},"product_brand":[],"product_cat":[104,100,165],"product_tag":[],"class_list":{"0":"post-5588","1":"product","2":"type-product","3":"status-publish","4":"has-post-thumbnail","6":"product_cat-klinische-dermatologie","7":"product_cat-produkte","8":"product_cat-hyperhidrose","9":"desktop-align-left","10":"tablet-align-left","11":"mobile-align-left","13":"first","14":"instock","15":"product-type-simple"},"_links":{"self":[{"href":"https:\/\/demo.myboderm.com\/de\/wp-json\/wp\/v2\/product\/5588","targetHints":{"allow":["GET"]}}],"collection":[{"href":"https:\/\/demo.myboderm.com\/de\/wp-json\/wp\/v2\/product"}],"about":[{"href":"https:\/\/demo.myboderm.com\/de\/wp-json\/wp\/v2\/types\/product"}],"replies":[{"embeddable":true,"href":"https:\/\/demo.myboderm.com\/de\/wp-json\/wp\/v2\/comments?post=5588"}],"version-history":[{"count":1,"href":"https:\/\/demo.myboderm.com\/de\/wp-json\/wp\/v2\/product\/5588\/revisions"}],"predecessor-version":[{"id":5589,"href":"https:\/\/demo.myboderm.com\/de\/wp-json\/wp\/v2\/product\/5588\/revisions\/5589"}],"wp:featuredmedia":[{"embeddable":true,"href":"https:\/\/demo.myboderm.com\/de\/wp-json\/wp\/v2\/media\/5590"}],"wp:attachment":[{"href":"https:\/\/demo.myboderm.com\/de\/wp-json\/wp\/v2\/media?parent=5588"}],"wp:term":[{"taxonomy":"product_brand","embeddable":true,"href":"https:\/\/demo.myboderm.com\/de\/wp-json\/wp\/v2\/product_brand?post=5588"},{"taxonomy":"product_cat","embeddable":true,"href":"https:\/\/demo.myboderm.com\/de\/wp-json\/wp\/v2\/product_cat?post=5588"},{"taxonomy":"product_tag","embeddable":true,"href":"https:\/\/demo.myboderm.com\/de\/wp-json\/wp\/v2\/product_tag?post=5588"}],"curies":[{"name":"wp","href":"https:\/\/api.w.org\/{rel}","templated":true}]}}