{"id":5585,"date":"2025-09-16T09:13:43","date_gmt":"2025-09-16T09:13:43","guid":{"rendered":"https:\/\/demo.myboderm.com\/product\/boskin-koerperlotion-200ml\/"},"modified":"2026-03-06T14:20:00","modified_gmt":"2026-03-06T14:20:00","slug":"boskin-koerperlotion-200ml","status":"publish","type":"product","link":"https:\/\/demo.myboderm.com\/de\/produkt\/boskin-koerperlotion-200ml\/","title":{"rendered":"BOSKIN\u2122 K\u00f6rperlotion 200ml"},"content":{"rendered":"<p class=\" translation-block\"><strong>BOSKIN\u2122 K\u00f6rperlotion<\/strong>\u00a0versorgt die Haut intensiv mit<br \/>\nFeuchtigkeit und ern\u00e4hrt, sch\u00fctzt und pflegt sie.<br \/>\nDie Wirkung basiert auf folgenden Hauptbestandteilen:<\/p>\n<ul>\n<li class=\" translation-block\"><b>Wei\u00dfer Tee<\/b> ist ein Spezialtee mit ausgepr\u00e4gten antioxidativen Eigenschaften.<\/li>\n<li class=\" translation-block\"><b>Lecithin<\/b> eine Mischung von Phospholipiden, die eine Lamellenstruktur schaffen.<\/li>\n<li><b>Ergebnis<\/b> ein samtiges, frisches , nicht fettiges Gewebe. Traubenkern\u00f6l: ein nat\u00fcrlicher antioxidativer Bestandteil (Bioflovonoid), der die Haut st\u00e4rkt und sch\u00fctzt.<\/li>\n<\/ul>\n<p class=\" translation-block\"><strong>BOSKIN\u2122 K\u00f6rperlotion<\/strong>\u00a0versorgt die Haut intensiv mit Feuchtigkeit und macht ihre Oberfl\u00e4che weich und sanft.<b><\/b><\/p>\n<p>Die t\u00e4gliche Anwendung sorgt f\u00fcr eine ausgezeichnete feuchtigkeitsspendende Wirkung.<\/p>\n<p class=\" translation-block\">Packungsgr\u00f6\u00dfe Tube zu <b>200ml<\/b>.<\/p>\n<p><b>Dermatologisch getestet<\/b><\/p>\n","protected":false},"excerpt":{"rendered":"<p>BOSKIN\u2122 K\u00f6rperlotion\u00a0versorgt die Haut intensiv mit Feuchtigkeit und ern\u00e4hrt, sch\u00fctzt und pflegt sie. Die Wirkung basiert auf folgenden Hauptbestandteilen: Wei\u00dfer [&hellip;]<\/p>\n","protected":false},"featured_media":5587,"comment_status":"closed","ping_status":"closed","template":"","meta":{"site-sidebar-layout":"default","site-content-layout":"","ast-site-content-layout":"default","site-content-style":"default","site-sidebar-style":"default","ast-global-header-display":"","ast-banner-title-visibility":"","ast-main-header-display":"","ast-hfb-above-header-display":"","ast-hfb-below-header-display":"","ast-hfb-mobile-header-display":"","site-post-title":"","ast-breadcrumbs-content":"","ast-featured-img":"","footer-sml-layout":"","ast-disable-related-posts":"","theme-transparent-header-meta":"default","adv-header-id-meta":"","stick-header-meta":"","header-above-stick-meta":"","header-main-stick-meta":"","header-below-stick-meta":"","astra-migrate-meta-layouts":"default","ast-page-background-enabled":"default","ast-page-background-meta":{"desktop":{"background-color":"var(--ast-global-color-5)","background-image":"","background-repeat":"repeat","background-position":"center center","background-size":"auto","background-attachment":"scroll","background-type":"","background-media":"","overlay-type":"","overlay-color":"","overlay-opacity":"","overlay-gradient":""},"tablet":{"background-color":"","background-image":"","background-repeat":"repeat","background-position":"center center","background-size":"auto","background-attachment":"scroll","background-type":"","background-media":"","overlay-type":"","overlay-color":"","overlay-opacity":"","overlay-gradient":""},"mobile":{"background-color":"","background-image":"","background-repeat":"repeat","background-position":"center center","background-size":"auto","background-attachment":"scroll","background-type":"","background-media":"","overlay-type":"","overlay-color":"","overlay-opacity":"","overlay-gradient":""}},"ast-content-background-meta":{"desktop":{"background-color":"var(--ast-global-color-4)","background-image":"","background-repeat":"repeat","background-position":"center center","background-size":"auto","background-attachment":"scroll","background-type":"","background-media":"","overlay-type":"","overlay-color":"","overlay-opacity":"","overlay-gradient":""},"tablet":{"background-color":"var(--ast-global-color-4)","background-image":"","background-repeat":"repeat","background-position":"center center","background-size":"auto","background-attachment":"scroll","background-type":"","background-media":"","overlay-type":"","overlay-color":"","overlay-opacity":"","overlay-gradient":""},"mobile":{"background-color":"var(--ast-global-color-4)","background-image":"","background-repeat":"repeat","background-position":"center center","background-size":"auto","background-attachment":"scroll","background-type":"","background-media":"","overlay-type":"","overlay-color":"","overlay-opacity":"","overlay-gradient":""}}},"product_brand":[],"product_cat":[105,100],"product_tag":[],"class_list":{"0":"post-5585","1":"product","2":"type-product","3":"status-publish","4":"has-post-thumbnail","6":"product_cat-kosmetika","7":"product_cat-produkte","8":"desktop-align-left","9":"tablet-align-left","10":"mobile-align-left","12":"first","13":"instock","14":"product-type-simple"},"_links":{"self":[{"href":"https:\/\/demo.myboderm.com\/de\/wp-json\/wp\/v2\/product\/5585","targetHints":{"allow":["GET"]}}],"collection":[{"href":"https:\/\/demo.myboderm.com\/de\/wp-json\/wp\/v2\/product"}],"about":[{"href":"https:\/\/demo.myboderm.com\/de\/wp-json\/wp\/v2\/types\/product"}],"replies":[{"embeddable":true,"href":"https:\/\/demo.myboderm.com\/de\/wp-json\/wp\/v2\/comments?post=5585"}],"version-history":[{"count":1,"href":"https:\/\/demo.myboderm.com\/de\/wp-json\/wp\/v2\/product\/5585\/revisions"}],"predecessor-version":[{"id":5586,"href":"https:\/\/demo.myboderm.com\/de\/wp-json\/wp\/v2\/product\/5585\/revisions\/5586"}],"wp:featuredmedia":[{"embeddable":true,"href":"https:\/\/demo.myboderm.com\/de\/wp-json\/wp\/v2\/media\/5587"}],"wp:attachment":[{"href":"https:\/\/demo.myboderm.com\/de\/wp-json\/wp\/v2\/media?parent=5585"}],"wp:term":[{"taxonomy":"product_brand","embeddable":true,"href":"https:\/\/demo.myboderm.com\/de\/wp-json\/wp\/v2\/product_brand?post=5585"},{"taxonomy":"product_cat","embeddable":true,"href":"https:\/\/demo.myboderm.com\/de\/wp-json\/wp\/v2\/product_cat?post=5585"},{"taxonomy":"product_tag","embeddable":true,"href":"https:\/\/demo.myboderm.com\/de\/wp-json\/wp\/v2\/product_tag?post=5585"}],"curies":[{"name":"wp","href":"https:\/\/api.w.org\/{rel}","templated":true}]}}