{"id":5582,"date":"2025-09-16T09:13:43","date_gmt":"2025-09-16T09:13:43","guid":{"rendered":"https:\/\/demo.myboderm.com\/product\/boskin-duschgel-300ml\/"},"modified":"2026-03-13T14:49:30","modified_gmt":"2026-03-13T14:49:30","slug":"boskin-duschgel-300ml","status":"publish","type":"product","link":"https:\/\/demo.myboderm.com\/de\/produkt\/boskin-duschgel-300ml\/","title":{"rendered":"BOSKIN\u2122 Duschgel 300ml"},"content":{"rendered":"<p class=\" translation-block\"><b>Glycyrrhetins\u00e4ure (GA)<\/b>, die reduziert R\u00f6tung und Erythem.<\/p>\n<ul>\n<li class=\" translation-block\"><b>Glycyrrhetins\u00e4ure<\/b> reduziert R\u00f6tungen<\/li>\n<li class=\" translation-block\"><b>Glycerin<\/b> nat\u00fcrliches Feuchtigkeitsmittel<\/li>\n<li class=\" translation-block\"><b>Saccharite \u2013 MG-60<\/b> spenden Feuchtigkeit und hinterlassen ein angenehmes Gef\u00fchl<\/li>\n<\/ul>\n<p>Nicht reizende Tenside wie:<\/p>\n<ul>\n<li><b>Kokosglucosid<\/b><\/li>\n<li><b>\u00d6liges Glycerin<\/b><\/li>\n<\/ul>\n<p>\u00d6liges BoskinTM Duschgel\u00a0ist in einer 300-ml-Packung erh\u00e4ltlich.<br \/>\n<span class=\"red\">Dermatologisch getestet<\/span><\/p>\n","protected":false},"excerpt":{"rendered":"<p>Glycyrrhetins\u00e4ure (GA), die reduziert R\u00f6tung und Erythem. Glycyrrhetins\u00e4ure reduziert R\u00f6tungen Glycerin nat\u00fcrliches Feuchtigkeitsmittel Saccharite \u2013 MG-60 spenden Feuchtigkeit und hinterlassen [&hellip;]<\/p>\n","protected":false},"featured_media":5584,"comment_status":"closed","ping_status":"closed","template":"","meta":{"site-sidebar-layout":"default","site-content-layout":"","ast-site-content-layout":"default","site-content-style":"default","site-sidebar-style":"default","ast-global-header-display":"","ast-banner-title-visibility":"","ast-main-header-display":"","ast-hfb-above-header-display":"","ast-hfb-below-header-display":"","ast-hfb-mobile-header-display":"","site-post-title":"","ast-breadcrumbs-content":"","ast-featured-img":"","footer-sml-layout":"","ast-disable-related-posts":"","theme-transparent-header-meta":"default","adv-header-id-meta":"","stick-header-meta":"","header-above-stick-meta":"","header-main-stick-meta":"","header-below-stick-meta":"","astra-migrate-meta-layouts":"set","ast-page-background-enabled":"default","ast-page-background-meta":{"desktop":{"background-color":"var(--ast-global-color-5)","background-image":"","background-repeat":"repeat","background-position":"center center","background-size":"auto","background-attachment":"scroll","background-type":"","background-media":"","overlay-type":"","overlay-color":"","overlay-opacity":"","overlay-gradient":""},"tablet":{"background-color":"","background-image":"","background-repeat":"repeat","background-position":"center center","background-size":"auto","background-attachment":"scroll","background-type":"","background-media":"","overlay-type":"","overlay-color":"","overlay-opacity":"","overlay-gradient":""},"mobile":{"background-color":"","background-image":"","background-repeat":"repeat","background-position":"center center","background-size":"auto","background-attachment":"scroll","background-type":"","background-media":"","overlay-type":"","overlay-color":"","overlay-opacity":"","overlay-gradient":""}},"ast-content-background-meta":{"desktop":{"background-color":"var(--ast-global-color-4)","background-image":"","background-repeat":"repeat","background-position":"center center","background-size":"auto","background-attachment":"scroll","background-type":"","background-media":"","overlay-type":"","overlay-color":"","overlay-opacity":"","overlay-gradient":""},"tablet":{"background-color":"var(--ast-global-color-4)","background-image":"","background-repeat":"repeat","background-position":"center center","background-size":"auto","background-attachment":"scroll","background-type":"","background-media":"","overlay-type":"","overlay-color":"","overlay-opacity":"","overlay-gradient":""},"mobile":{"background-color":"var(--ast-global-color-4)","background-image":"","background-repeat":"repeat","background-position":"center center","background-size":"auto","background-attachment":"scroll","background-type":"","background-media":"","overlay-type":"","overlay-color":"","overlay-opacity":"","overlay-gradient":""}}},"product_brand":[],"product_cat":[104,105,100],"product_tag":[],"class_list":{"0":"post-5582","1":"product","2":"type-product","3":"status-publish","4":"has-post-thumbnail","6":"product_cat-klinische-dermatologie","7":"product_cat-kosmetika","8":"product_cat-produkte","9":"desktop-align-left","10":"tablet-align-left","11":"mobile-align-left","13":"first","14":"instock","15":"product-type-simple"},"_links":{"self":[{"href":"https:\/\/demo.myboderm.com\/de\/wp-json\/wp\/v2\/product\/5582","targetHints":{"allow":["GET"]}}],"collection":[{"href":"https:\/\/demo.myboderm.com\/de\/wp-json\/wp\/v2\/product"}],"about":[{"href":"https:\/\/demo.myboderm.com\/de\/wp-json\/wp\/v2\/types\/product"}],"replies":[{"embeddable":true,"href":"https:\/\/demo.myboderm.com\/de\/wp-json\/wp\/v2\/comments?post=5582"}],"version-history":[{"count":1,"href":"https:\/\/demo.myboderm.com\/de\/wp-json\/wp\/v2\/product\/5582\/revisions"}],"predecessor-version":[{"id":5583,"href":"https:\/\/demo.myboderm.com\/de\/wp-json\/wp\/v2\/product\/5582\/revisions\/5583"}],"wp:featuredmedia":[{"embeddable":true,"href":"https:\/\/demo.myboderm.com\/de\/wp-json\/wp\/v2\/media\/5584"}],"wp:attachment":[{"href":"https:\/\/demo.myboderm.com\/de\/wp-json\/wp\/v2\/media?parent=5582"}],"wp:term":[{"taxonomy":"product_brand","embeddable":true,"href":"https:\/\/demo.myboderm.com\/de\/wp-json\/wp\/v2\/product_brand?post=5582"},{"taxonomy":"product_cat","embeddable":true,"href":"https:\/\/demo.myboderm.com\/de\/wp-json\/wp\/v2\/product_cat?post=5582"},{"taxonomy":"product_tag","embeddable":true,"href":"https:\/\/demo.myboderm.com\/de\/wp-json\/wp\/v2\/product_tag?post=5582"}],"curies":[{"name":"wp","href":"https:\/\/api.w.org\/{rel}","templated":true}]}}