{"id":1562,"date":"2025-09-09T09:53:24","date_gmt":"2025-09-09T09:53:24","guid":{"rendered":"https:\/\/myboderm.com\/cookies\/"},"modified":"2026-01-21T09:00:55","modified_gmt":"2026-01-21T09:00:55","slug":"cookies","status":"publish","type":"page","link":"https:\/\/demo.myboderm.com\/de\/cookies\/","title":{"rendered":"Cookies"},"content":{"rendered":"\t\t<div data-elementor-type=\"wp-page\" data-elementor-id=\"1562\" class=\"elementor elementor-1562 elementor-3\" data-elementor-post-type=\"page\">\n\t\t\t\t<div class=\"elementor-element elementor-element-3d2d5ea5 e-flex e-con-boxed e-con e-parent\" data-id=\"3d2d5ea5\" data-element_type=\"container\" data-e-type=\"container\">\n\t\t\t\t\t<div class=\"e-con-inner\">\n\t\t\t\t<div class=\"elementor-element elementor-element-4e478597 elementor-widget elementor-widget-text-editor\" data-id=\"4e478597\" data-element_type=\"widget\" data-e-type=\"widget\" data-widget_type=\"text-editor.default\">\n\t\t\t\t\t\t\t\t\t\n<h2 class=\"wp-block-heading\"\/>\n\t\t\t\t\t\t\t\t<\/div>\n\t\t\t\t\t<\/div>\n\t\t\t\t<\/div>\n\t\t<div class=\"elementor-element elementor-element-78543fd e-flex e-con-boxed e-con e-parent\" data-id=\"78543fd\" data-element_type=\"container\" data-e-type=\"container\">\n\t\t\t\t\t<div class=\"e-con-inner\">\n\t\t\t\t<div class=\"elementor-element elementor-element-7516ab53 elementor-widget elementor-widget-heading\" data-id=\"7516ab53\" data-element_type=\"widget\" data-e-type=\"widget\" data-widget_type=\"heading.default\">\n\t\t\t\t\t<h2 class=\"elementor-heading-title elementor-size-default\">Cookie-Richtlinie<\/h2>\t\t\t\t<\/div>\n\t\t\t\t<div class=\"elementor-element elementor-element-3088f3e6 elementor-widget elementor-widget-text-editor\" data-id=\"3088f3e6\" data-element_type=\"widget\" data-e-type=\"widget\" data-widget_type=\"text-editor.default\">\n\t\t\t\t\t\t\t\t\t<p><b>Was sind Cookies:<\/b><br>Cookies sind kleine Textdateien, die beim Surfen im Internet in unserem Browser gespeichert werden. Sie dienen dazu, die Website, die der Nutzer besucht, \u00fcber seine bisherigen Aktivit\u00e4ten zu informieren. In der Regel enthalten sie unseren Benutzernamen und unser Passwort, sodass wir uns bei einem sp\u00e4teren Besuch derselben Website nicht erneut anmelden m\u00fcssen.  <\/p>\n<p><strong>Kategorien von Cookies<\/strong><\/p>\n<p><strong>1) Notwendige Cookies<\/strong><br>Sie erm\u00f6glichen Ihnen die Nutzung grundlegender Funktionen der Website, wie z. B. das Hinzuf\u00fcgen von Produkten zu Ihrem Warenkorb, Online-Zahlungen und das Speichern von Produkten in der Wunschliste. Ohne diese absolut notwendigen Cookies wird der reibungslose Betrieb Ihres E-Shops und Ihr pers\u00f6nliches Navigationserlebnis beeintr\u00e4chtigt, da grundlegende E-Commerce-Funktionen nicht mehr verf\u00fcgbar sind. <\/p>\n<p><strong>2) Leistungscookies<\/strong><br>Leistungscookies sammeln Informationen dar\u00fcber, wie Besucher die Website nutzen. Sie erm\u00f6glichen es uns zu sehen, welche Seiten h\u00e4ufiger besucht werden, oder zeigen uns, ob beim Navigieren Probleme auftreten. Diese Cookies sammeln keine Informationen, die den Besucher identifizieren.  <\/p>\n<p><strong>3) Funktionscookies \u2013 Analytik<\/strong><br>Diese Cookies &#8222;merken\u201c sich Ihre Pr\u00e4ferenzen beim Besuch unserer Website, damit wir Ihnen die richtigen Produkte entsprechend Ihren Bed\u00fcrfnissen anbieten k\u00f6nnen. Au\u00dferdem erm\u00f6glichen sie uns, die Effektivit\u00e4t der verschiedenen Funktionen unserer Website zu bewerten. <\/p>\n<p><strong>4) Werbe-Cookies<\/strong><br>Diese Cookies werden verwendet, um Ihnen Werbung anzuzeigen, die f\u00fcr Sie und Ihre Interessen relevanter ist. Sie werden auch verwendet, um gezielte Werbung oder Gebote zu senden, um die Menge an unerw\u00fcnschten und unerw\u00fcnschten Werbebotschaften zu reduzieren. Gleichzeitig helfen sie uns, die Wirksamkeit unserer Werbekampagnen zu messen.  <\/p>\n<p>So deaktivieren Sie Cookies:<br>Sie k\u00f6nnen Ihren Browser so einstellen, dass er diese Cookies blockiert oder Sie darauf hinweist, aber einige Teile der Website funktionieren dann nicht mehr richtig.<\/p>\n<p><strong>Wenn Sie Internet Explorer verwenden:<\/strong><\/p>\n<ol>\n<li>W\u00e4hlen Sie im Men\u00fc &#8222;Extras\u201c die Option &#8222;Internetoptionen\u201c.<\/li>\n<li>Klicken Sie auf die Registerkarte &#8222;Datenschutz\u201c.<\/li>\n<li>W\u00e4hlen Sie die Einstellung f\u00fcr die entsprechende Einstellung aus.<\/li>\n<\/ol>\n<p><strong>Wenn Sie Google Chrome verwenden:<\/strong><\/p>\n<ol>\n<li>W\u00e4hlen Sie &#8222;Einstellungen\u201c und dann &#8222;Erweitert\u201c.<\/li>\n<li>Klicken Sie im Abschnitt &#8222;Datenschutz und Sicherheit\u201c auf &#8222;Inhaltseinstellungen\u201c.<\/li>\n<\/ol>\n<p><strong>Wenn Sie Safari verwenden:<\/strong><\/p>\n<ol>\n<li>W\u00e4hlen Sie &#8222;Einstellungen\u201c und dann &#8222;Datenschutz\u201c.<\/li>\n<li>Klicken Sie auf &#8222;Alle Website-Daten entfernen\u201c.<\/li>\n<\/ol>\n<p><strong>Wenn Sie Mozilla Firefox verwenden:<\/strong><\/p>\n<ol>\n<li>W\u00e4hlen Sie im Men\u00fc &#8222;Extras\u201c die Option &#8222;Optionen\u201c.<\/li>\n<li>Klicken Sie auf das Symbol &#8218;Datenschutz\u201c.<\/li>\n<li>Suchen Sie das Men\u00fc &#8222;Cookies\u201c und w\u00e4hlen Sie die entsprechenden Optionen aus.<\/li>\n<\/ol>\n<p><strong>Wenn Sie Opera 6.0 verwenden:<\/strong><\/p>\n<ol>\n<li>W\u00e4hlen Sie im Men\u00fc &#8222;Dateien\u201c die Option &#8222;Einstellungen\u201c.<\/li>\n<li>Klicken Sie auf &#8222;Datenschutz\u201c.<\/li>\n<\/ol>\t\t\t\t\t\t\t\t<\/div>\n\t\t\t\t\t<\/div>\n\t\t\t\t<\/div>\n\t\t\t\t<\/div>\n\t\t","protected":false},"excerpt":{"rendered":"<p>Cookie-Richtlinie Was sind Cookies:Cookies sind kleine Textdateien, die beim Surfen im Internet in unserem Browser gespeichert werden. Sie dienen dazu, [&hellip;]<\/p>\n","protected":false},"author":1,"featured_media":0,"parent":0,"menu_order":0,"comment_status":"closed","ping_status":"closed","template":"","meta":{"site-sidebar-layout":"default","site-content-layout":"","ast-site-content-layout":"default","site-content-style":"default","site-sidebar-style":"default","ast-global-header-display":"","ast-banner-title-visibility":"","ast-main-header-display":"","ast-hfb-above-header-display":"","ast-hfb-below-header-display":"","ast-hfb-mobile-header-display":"","site-post-title":"disabled","ast-breadcrumbs-content":"","ast-featured-img":"","footer-sml-layout":"","ast-disable-related-posts":"","theme-transparent-header-meta":"","adv-header-id-meta":"","stick-header-meta":"","header-above-stick-meta":"","header-main-stick-meta":"","header-below-stick-meta":"","astra-migrate-meta-layouts":"default","ast-page-background-enabled":"default","ast-page-background-meta":{"desktop":{"background-color":"var(--ast-global-color-5)","background-image":"","background-repeat":"repeat","background-position":"center center","background-size":"auto","background-attachment":"scroll","background-type":"","background-media":"","overlay-type":"","overlay-color":"","overlay-opacity":"","overlay-gradient":""},"tablet":{"background-color":"","background-image":"","background-repeat":"repeat","background-position":"center center","background-size":"auto","background-attachment":"scroll","background-type":"","background-media":"","overlay-type":"","overlay-color":"","overlay-opacity":"","overlay-gradient":""},"mobile":{"background-color":"","background-image":"","background-repeat":"repeat","background-position":"center center","background-size":"auto","background-attachment":"scroll","background-type":"","background-media":"","overlay-type":"","overlay-color":"","overlay-opacity":"","overlay-gradient":""}},"ast-content-background-meta":{"desktop":{"background-color":"var(--ast-global-color-4)","background-image":"","background-repeat":"repeat","background-position":"center center","background-size":"auto","background-attachment":"scroll","background-type":"","background-media":"","overlay-type":"","overlay-color":"","overlay-opacity":"","overlay-gradient":""},"tablet":{"background-color":"var(--ast-global-color-4)","background-image":"","background-repeat":"repeat","background-position":"center center","background-size":"auto","background-attachment":"scroll","background-type":"","background-media":"","overlay-type":"","overlay-color":"","overlay-opacity":"","overlay-gradient":""},"mobile":{"background-color":"var(--ast-global-color-4)","background-image":"","background-repeat":"repeat","background-position":"center center","background-size":"auto","background-attachment":"scroll","background-type":"","background-media":"","overlay-type":"","overlay-color":"","overlay-opacity":"","overlay-gradient":""}},"footnotes":""},"class_list":["post-1562","page","type-page","status-publish","hentry"],"_links":{"self":[{"href":"https:\/\/demo.myboderm.com\/de\/wp-json\/wp\/v2\/pages\/1562","targetHints":{"allow":["GET"]}}],"collection":[{"href":"https:\/\/demo.myboderm.com\/de\/wp-json\/wp\/v2\/pages"}],"about":[{"href":"https:\/\/demo.myboderm.com\/de\/wp-json\/wp\/v2\/types\/page"}],"author":[{"embeddable":true,"href":"https:\/\/demo.myboderm.com\/de\/wp-json\/wp\/v2\/users\/1"}],"replies":[{"embeddable":true,"href":"https:\/\/demo.myboderm.com\/de\/wp-json\/wp\/v2\/comments?post=1562"}],"version-history":[{"count":3,"href":"https:\/\/demo.myboderm.com\/de\/wp-json\/wp\/v2\/pages\/1562\/revisions"}],"predecessor-version":[{"id":1565,"href":"https:\/\/demo.myboderm.com\/de\/wp-json\/wp\/v2\/pages\/1562\/revisions\/1565"}],"wp:attachment":[{"href":"https:\/\/demo.myboderm.com\/de\/wp-json\/wp\/v2\/media?parent=1562"}],"curies":[{"name":"wp","href":"https:\/\/api.w.org\/{rel}","templated":true}]}}