{"id":1518,"date":"2025-09-18T14:47:48","date_gmt":"2025-09-18T14:47:48","guid":{"rendered":"https:\/\/myboderm.com\/nutzungsbedingungen\/"},"modified":"2026-01-20T09:27:31","modified_gmt":"2026-01-20T09:27:31","slug":"nutzungsbedingungen","status":"publish","type":"page","link":"https:\/\/demo.myboderm.com\/de\/nutzungsbedingungen\/","title":{"rendered":"Nutzungsbedingungen"},"content":{"rendered":"\t\t<div data-elementor-type=\"wp-page\" data-elementor-id=\"1518\" class=\"elementor elementor-1518 elementor-33\" data-elementor-post-type=\"page\">\n\t\t\t\t<div class=\"elementor-element elementor-element-4b9f4907 e-flex e-con-boxed e-con e-parent\" data-id=\"4b9f4907\" data-element_type=\"container\" data-e-type=\"container\">\n\t\t\t\t\t<div class=\"e-con-inner\">\n\t\t\t\t<div class=\"elementor-element elementor-element-1f64962e elementor-widget elementor-widget-heading\" data-id=\"1f64962e\" data-element_type=\"widget\" data-e-type=\"widget\" data-widget_type=\"heading.default\">\n\t\t\t\t\t<h2 class=\"elementor-heading-title elementor-size-default\">Nutzungsbedingungen<\/h2>\t\t\t\t<\/div>\n\t\t\t\t<div class=\"elementor-element elementor-element-76f0598c elementor-widget elementor-widget-text-editor\" data-id=\"76f0598c\" data-element_type=\"widget\" data-e-type=\"widget\" data-widget_type=\"text-editor.default\">\n\t\t\t\t\t\t\t\t\t<p data-start=\"209\" data-end=\"307\">Durch den Zugriff auf unsere Website und deren Nutzung erkl\u00e4ren Sie sich mit den folgenden Bedingungen einverstanden:<\/p><ol data-start=\"309\" data-end=\"2035\"><li data-start=\"309\" data-end=\"573\"><p data-start=\"312\" data-end=\"573\"><strong data-start=\"312\" data-end=\"330\">Nutzung der Inhalte<\/strong><br data-start=\"330\" data-end=\"333\">Alle Inhalte, Materialien, Bilder und Informationen auf dieser Website sind geistiges Eigentum von Boderm Pharmaceutical S.A. oder seinen verbundenen Unternehmen. Sie d\u00fcrfen keine Inhalte ohne vorherige schriftliche Genehmigung kopieren, reproduzieren, verbreiten oder verwenden. <\/p><\/li><li data-start=\"575\" data-end=\"884\"><p data-start=\"578\" data-end=\"884\"><strong data-start=\"578\" data-end=\"605\">Richtigkeit der Informationen<\/strong><br data-start=\"605\" data-end=\"608\">Wir bem\u00fchen uns nach Kr\u00e4ften, sicherzustellen, dass die auf unserer Website dargestellten Informationen korrekt und aktuell sind. Wir \u00fcbernehmen jedoch keine Gew\u00e4hr f\u00fcr die Fehlerfreiheit und Vollst\u00e4ndigkeit der Inhalte und behalten uns das Recht vor, die Website jederzeit ohne vorherige Ank\u00fcndigung zu \u00e4ndern oder zu aktualisieren. <\/p><\/li><li data-start=\"886\" data-end=\"1152\"><p data-start=\"889\" data-end=\"1152\"><strong data-start=\"889\" data-end=\"916\">Haftungsbeschr\u00e4nkung<\/strong><br data-start=\"916\" data-end=\"919\">Wir haften nicht f\u00fcr direkte, indirekte, zuf\u00e4llige oder Folgesch\u00e4den, die sich aus der Nutzung unserer Website ergeben, einschlie\u00dflich, aber nicht beschr\u00e4nkt auf technische Probleme, Unterbrechungen oder die Nutzung der bereitgestellten Informationen und Dienste.<\/p><\/li><li data-start=\"1154\" data-end=\"1387\"><p data-start=\"1157\" data-end=\"1387\"><strong data-start=\"1157\" data-end=\"1178\">Links zu Websites Dritter<\/strong><br data-start=\"1178\" data-end=\"1181\">Unsere Website kann Links zu Websites Dritter enthalten. Diese Links werden ausschlie\u00dflich zu Ihrer Bequemlichkeit bereitgestellt. Wir sind nicht verantwortlich f\u00fcr den Inhalt, die Datenschutzpraktiken oder die Nutzungsbedingungen dieser Websites.  <\/p><\/li><li data-start=\"1389\" data-end=\"1574\"><p data-start=\"1392\" data-end=\"1574\"><strong data-start=\"1392\" data-end=\"1408\">Benutzerverhalten<\/strong><br data-start=\"1408\" data-end=\"1411\">Die Benutzer verpflichten sich, die Website nicht zu missbrauchen, indem sie versuchen, ihren Betrieb zu st\u00f6ren, b\u00f6sartigen Code einzuschleusen oder gegen geltende Gesetze und Vorschriften zu versto\u00dfen.<\/p><\/li><li data-start=\"1576\" data-end=\"1815\"><p data-start=\"1579\" data-end=\"1815\"><strong data-start=\"1579\" data-end=\"1599\">\u00c4nderungen der Nutzungsbedingungen<\/strong><br data-start=\"1599\" data-end=\"1602\">Wir behalten uns das Recht vor, diese Nutzungsbedingungen jederzeit zu \u00e4ndern. Alle Aktualisierungen treten sofort nach ihrer Ver\u00f6ffentlichung auf dieser Seite in Kraft. Durch die fortgesetzte Nutzung der Website erkl\u00e4ren Sie sich mit den ge\u00e4nderten Bedingungen einverstanden.  <\/p><\/li><li data-start=\"1817\" data-end=\"2035\"><p data-start=\"1820\" data-end=\"2035\"><strong data-start=\"1820\" data-end=\"1837\">Anwendbares Recht<\/strong><br data-start=\"1837\" data-end=\"1840\">Diese Nutzungsbedingungen unterliegen griechischem Recht und sind entsprechend auszulegen. Alle Streitigkeiten unterliegen der ausschlie\u00dflichen Zust\u00e4ndigkeit der zust\u00e4ndigen Gerichte in Athen. <\/p><\/li><\/ol>\t\t\t\t\t\t\t\t<\/div>\n\t\t\t\t\t<\/div>\n\t\t\t\t<\/div>\n\t\t\t\t<\/div>\n\t\t","protected":false},"excerpt":{"rendered":"<p>Nutzungsbedingungen Durch den Zugriff auf unsere Website und deren Nutzung erkl\u00e4ren Sie sich mit den folgenden Bedingungen einverstanden: Nutzung der [&hellip;]<\/p>\n","protected":false},"author":1,"featured_media":0,"parent":0,"menu_order":0,"comment_status":"closed","ping_status":"closed","template":"","meta":{"site-sidebar-layout":"no-sidebar","site-content-layout":"","ast-site-content-layout":"full-width-container","site-content-style":"default","site-sidebar-style":"default","ast-global-header-display":"","ast-banner-title-visibility":"","ast-main-header-display":"","ast-hfb-above-header-display":"","ast-hfb-below-header-display":"","ast-hfb-mobile-header-display":"","site-post-title":"disabled","ast-breadcrumbs-content":"","ast-featured-img":"disabled","footer-sml-layout":"","ast-disable-related-posts":"","theme-transparent-header-meta":"","adv-header-id-meta":"","stick-header-meta":"","header-above-stick-meta":"","header-main-stick-meta":"","header-below-stick-meta":"","astra-migrate-meta-layouts":"default","ast-page-background-enabled":"default","ast-page-background-meta":{"desktop":{"background-color":"var(--ast-global-color-5)","background-image":"","background-repeat":"repeat","background-position":"center center","background-size":"auto","background-attachment":"scroll","background-type":"","background-media":"","overlay-type":"","overlay-color":"","overlay-opacity":"","overlay-gradient":""},"tablet":{"background-color":"","background-image":"","background-repeat":"repeat","background-position":"center center","background-size":"auto","background-attachment":"scroll","background-type":"","background-media":"","overlay-type":"","overlay-color":"","overlay-opacity":"","overlay-gradient":""},"mobile":{"background-color":"","background-image":"","background-repeat":"repeat","background-position":"center center","background-size":"auto","background-attachment":"scroll","background-type":"","background-media":"","overlay-type":"","overlay-color":"","overlay-opacity":"","overlay-gradient":""}},"ast-content-background-meta":{"desktop":{"background-color":"var(--ast-global-color-4)","background-image":"","background-repeat":"repeat","background-position":"center center","background-size":"auto","background-attachment":"scroll","background-type":"","background-media":"","overlay-type":"","overlay-color":"","overlay-opacity":"","overlay-gradient":""},"tablet":{"background-color":"var(--ast-global-color-4)","background-image":"","background-repeat":"repeat","background-position":"center center","background-size":"auto","background-attachment":"scroll","background-type":"","background-media":"","overlay-type":"","overlay-color":"","overlay-opacity":"","overlay-gradient":""},"mobile":{"background-color":"var(--ast-global-color-4)","background-image":"","background-repeat":"repeat","background-position":"center center","background-size":"auto","background-attachment":"scroll","background-type":"","background-media":"","overlay-type":"","overlay-color":"","overlay-opacity":"","overlay-gradient":""}},"footnotes":""},"class_list":["post-1518","page","type-page","status-publish","hentry"],"_links":{"self":[{"href":"https:\/\/demo.myboderm.com\/de\/wp-json\/wp\/v2\/pages\/1518","targetHints":{"allow":["GET"]}}],"collection":[{"href":"https:\/\/demo.myboderm.com\/de\/wp-json\/wp\/v2\/pages"}],"about":[{"href":"https:\/\/demo.myboderm.com\/de\/wp-json\/wp\/v2\/types\/page"}],"author":[{"embeddable":true,"href":"https:\/\/demo.myboderm.com\/de\/wp-json\/wp\/v2\/users\/1"}],"replies":[{"embeddable":true,"href":"https:\/\/demo.myboderm.com\/de\/wp-json\/wp\/v2\/comments?post=1518"}],"version-history":[{"count":1,"href":"https:\/\/demo.myboderm.com\/de\/wp-json\/wp\/v2\/pages\/1518\/revisions"}],"predecessor-version":[{"id":1519,"href":"https:\/\/demo.myboderm.com\/de\/wp-json\/wp\/v2\/pages\/1518\/revisions\/1519"}],"wp:attachment":[{"href":"https:\/\/demo.myboderm.com\/de\/wp-json\/wp\/v2\/media?parent=1518"}],"curies":[{"name":"wp","href":"https:\/\/api.w.org\/{rel}","templated":true}]}}