{"id":1358,"date":"2025-09-18T14:53:09","date_gmt":"2025-09-18T14:53:09","guid":{"rendered":"https:\/\/myboderm.com\/about-us\/"},"modified":"2026-03-17T10:04:59","modified_gmt":"2026-03-17T10:04:59","slug":"about-us","status":"publish","type":"page","link":"https:\/\/demo.myboderm.com\/de\/about-us\/","title":{"rendered":"About us"},"content":{"rendered":"\t\t<div data-elementor-type=\"wp-page\" data-elementor-id=\"1358\" class=\"elementor elementor-1358 elementor-876\" data-elementor-post-type=\"page\">\n\t\t\t\t<div class=\"elementor-element elementor-element-5414cf0 e-flex e-con-boxed e-con e-parent\" data-id=\"5414cf0\" data-element_type=\"container\" data-e-type=\"container\">\n\t\t\t\t\t<div class=\"e-con-inner\">\n\t\t\t\t<div class=\"elementor-element elementor-element-7fe34a5 elementor-widget elementor-widget-heading\" data-id=\"7fe34a5\" data-element_type=\"widget\" data-e-type=\"widget\" data-widget_type=\"heading.default\">\n\t\t\t\t\t<h2 class=\"elementor-heading-title elementor-size-default\">\nAbout us\n<\/h2>\t\t\t\t<\/div>\n\t\t\t\t\t<\/div>\n\t\t\t\t<\/div>\n\t\t<div class=\"elementor-element elementor-element-8bf6b6e e-flex e-con-boxed e-con e-parent\" data-id=\"8bf6b6e\" data-element_type=\"container\" data-e-type=\"container\">\n\t\t\t\t\t<div class=\"e-con-inner\">\n\t\t<div class=\"elementor-element elementor-element-ad598cc e-con-full e-flex e-con e-child\" data-id=\"ad598cc\" data-element_type=\"container\" data-e-type=\"container\" data-settings=\"{&quot;background_background&quot;:&quot;classic&quot;}\">\n\t\t\t\t<\/div>\n\t\t<div class=\"elementor-element elementor-element-5058cef e-con-full e-flex e-con e-child\" data-id=\"5058cef\" data-element_type=\"container\" data-e-type=\"container\">\n\t\t\t\t<div class=\"elementor-element elementor-element-7a319b0 elementor-widget elementor-widget-heading\" data-id=\"7a319b0\" data-element_type=\"widget\" data-e-type=\"widget\" data-widget_type=\"heading.default\">\n\t\t\t\t\t<h2 class=\"elementor-heading-title elementor-size-default\">\u00dcber Uns\n<\/h2>\t\t\t\t<\/div>\n\t\t\t\t<div class=\"elementor-element elementor-element-39df0ba elementor-widget elementor-widget-text-editor\" data-id=\"39df0ba\" data-element_type=\"widget\" data-e-type=\"widget\" data-widget_type=\"text-editor.default\">\n\t\t\t\t\t\t\t\t\t<p>Boderm Pharmaceutical S.A. ist ein dynamisches Pharmaunternehmen. Es ist auf dem internationalen Markt f\u00fcr Arzneimittel, Medizinprodukte, Nahrungserg\u00e4nzungsmittel und Kosmetika t\u00e4tig. <\/p><p>Das Unternehmen hat sich zum Ziel gesetzt, unter der Marke BODERM\u2122 innovative und hochwertige Produkte und Dienstleistungen anzubieten, die der Gesundheit der Verbraucher auf dem internationalen Markt zugutekommen.<\/p><p>Boderm Laboratories p.c. (Mitglied der Boderm Pharmaceuticals S.A.-Gruppe) ist ein moderner Produktionsstandort f\u00fcr Medizinprodukte, Nahrungserg\u00e4nzungsmittel und Kosmetikprodukte.<\/p><p>Die fortschrittliche Qualit\u00e4t der Technologien und Humanressourcen erg\u00e4nzt das BODERM\u2122-Portfolio und sorgt f\u00fcr optimale Ergebnisse.<\/p>\t\t\t\t\t\t\t\t<\/div>\n\t\t\t\t<\/div>\n\t\t\t\t\t<\/div>\n\t\t\t\t<\/div>\n\t\t<div class=\"elementor-element elementor-element-cfc53cb e-flex e-con-boxed e-con e-parent\" data-id=\"cfc53cb\" data-element_type=\"container\" data-e-type=\"container\" id=\"researchSection\">\n\t\t\t\t\t<div class=\"e-con-inner\">\n\t\t<div class=\"elementor-element elementor-element-6a41f63 e-con-full e-flex e-con e-child\" data-id=\"6a41f63\" data-element_type=\"container\" data-e-type=\"container\">\n\t\t\t\t<div class=\"elementor-element elementor-element-89d32eb elementor-widget elementor-widget-heading\" data-id=\"89d32eb\" data-element_type=\"widget\" data-e-type=\"widget\" id=\"Forschung\" data-widget_type=\"heading.default\">\n\t\t\t\t\t<h2 class=\"elementor-heading-title elementor-size-default\">Forschung\n<\/h2>\t\t\t\t<\/div>\n\t\t\t\t<div class=\"elementor-element elementor-element-479b816 elementor-widget elementor-widget-text-editor\" data-id=\"479b816\" data-element_type=\"widget\" data-e-type=\"widget\" data-widget_type=\"text-editor.default\">\n\t\t\t\t\t\t\t\t\t<p>BODERM investiert in Zusammenarbeit mit Universit\u00e4ten und Forschungszentren in Europa in die Forschung zur Dokumentation unserer Produkte.<\/p><p>Das gemeinsame Ziel von BODERM und Boderm Laboratories ist es, kontinuierlich in innovative Produkte mit neuen Technologien zu investieren, die f\u00fcr das internationale Umfeld von Interesse sind.<\/p><p>Im Jahr 2023 wurde BODERM Teil eines dynamischen Life-Sciences-Clusters im Switzerland Innovation Park Basel Area.<\/p><p>\u0392ODERM ist Partner des Projekts \u201eSMART-BLISTER: System zur Einhaltung der Medikamenteneinnahme f\u00fcr chronisch kranke Patienten durch Neugestaltung der medizinischen Blisterverpackung\u201c, das teilweise vom Europ\u00e4ischen Fonds f\u00fcr regionale Entwicklung finanziert wird.<\/p>\t\t\t\t\t\t\t\t<\/div>\n\t\t\t\t<div class=\"elementor-element elementor-element-33ca204 elementor-widget elementor-widget-heading\" data-id=\"33ca204\" data-element_type=\"widget\" data-e-type=\"widget\" data-widget_type=\"heading.default\">\n\t\t\t\t\t<h2 class=\"elementor-heading-title elementor-size-default\">Produkte\n<\/h2>\t\t\t\t<\/div>\n\t\t\t\t<div class=\"elementor-element elementor-element-e72d6a9 elementor-widget elementor-widget-text-editor\" data-id=\"e72d6a9\" data-element_type=\"widget\" data-e-type=\"widget\" data-widget_type=\"text-editor.default\">\n\t\t\t\t\t\t\t\t\t<div class=\"elementor-element elementor-element-7602da elementor-widget elementor-widget-text-editor\" data-id=\"7602da\" data-element_type=\"widget\" data-widget_type=\"text-editor.default\"><div class=\"elementor-widget-container\"><p><span style=\"color: #000000;\">BODERM hat Humanarzneimittel, Medizinprodukte, Nahrungserg\u00e4nzungsmittel und Kosmetika unter der Marke BODERM\u2122 und ihren Markenzeichen zertifiziert:<\/span><\/p><\/div><\/div><div class=\"elementor-element elementor-element-65a44f6 elementor-icon-list--layout-traditional elementor-list-item-link-full_width elementor-widget elementor-widget-global elementor-global-310 elementor-widget-icon-list\" data-id=\"65a44f6\" data-element_type=\"widget\" data-widget_type=\"icon-list.default\"><div class=\"elementor-widget-container\"><ul class=\"elementor-icon-list-items\"><li class=\"elementor-icon-list-item\"><span style=\"color: #000000;\"> <i class=\"fas fa-bullseye\" aria-hidden=\"true\"><\/i> <span class=\"elementor-icon-list-text\">ACMED<sup>TM<\/sup><\/span><\/span><\/li><li class=\"elementor-icon-list-item\"><span style=\"color: #000000;\"> <i class=\"fas fa-bullseye\" aria-hidden=\"true\"><\/i> <span class=\"elementor-icon-list-text\"> ACNAID<sup>TM<\/sup><\/span> <\/span><\/li><li class=\"elementor-icon-list-item\"><span style=\"color: #000000;\"> <i class=\"fas fa-bullseye\" aria-hidden=\"true\"><\/i> <span class=\"elementor-icon-list-text\"> OLIPROX<sup>TM<\/sup><\/span> <\/span><\/li><li class=\"elementor-icon-list-item\"><span style=\"color: #000000;\"> <i class=\"fas fa-bullseye\" aria-hidden=\"true\"><\/i> <span class=\"elementor-icon-list-text\"> HAIRGEN<sup>TM<\/sup><\/span> <\/span><\/li><li class=\"elementor-icon-list-item\"><span style=\"color: #000000;\"> <i class=\"fas fa-bullseye\" aria-hidden=\"true\"><\/i> <span class=\"elementor-icon-list-text\"> EXSCAR<sup>TM<\/sup><\/span> <\/span><\/li><li class=\"elementor-icon-list-item\"><span style=\"color: #000000;\"> <i class=\"fas fa-bullseye\" aria-hidden=\"true\"><\/i> <span class=\"elementor-icon-list-text\"> BOSKIN<sup>TM<\/sup><\/span> <\/span><\/li><li class=\"elementor-icon-list-item\"><span style=\"color: #000000;\"> <i class=\"fas fa-bullseye\" aria-hidden=\"true\"><\/i> <span class=\"elementor-icon-list-text\"> KNESICALM<sup>TM<\/sup><\/span> <\/span><\/li><li class=\"elementor-icon-list-item\"><span style=\"color: #000000;\"> <i class=\"fas fa-bullseye\" aria-hidden=\"true\"><\/i> <span class=\"elementor-icon-list-text\"> ECZAID<sup>TM<\/sup><\/span> <\/span><\/li><li class=\"elementor-icon-list-item\"><span style=\"color: #000000;\"> <i class=\"fas fa-bullseye\" aria-hidden=\"true\"><\/i> <span class=\"elementor-icon-list-text\"> BIONATAR<sup>TM<\/sup><\/span> <\/span><\/li><li class=\"elementor-icon-list-item\"><span style=\"color: #000000;\"> <i class=\"fas fa-bullseye\" aria-hidden=\"true\"><\/i> <span class=\"elementor-icon-list-text\"> PROTOTYPE<sup>TM<\/sup><\/span> <\/span><\/li><li class=\"elementor-icon-list-item\"><span style=\"color: #000000;\"> <i class=\"fas fa-bullseye\" aria-hidden=\"true\"><\/i> <span class=\"elementor-icon-list-text\"> TAZARENE<sup>TM<\/sup><\/span> <\/span><\/li><\/ul><\/div><\/div>\t\t\t\t\t\t\t\t<\/div>\n\t\t\t\t<div class=\"elementor-element elementor-element-07612ed elementor-align-left elementor-widget elementor-widget-button\" data-id=\"07612ed\" data-element_type=\"widget\" data-e-type=\"widget\" data-widget_type=\"button.default\">\n\t\t\t\t\t\t\t\t\t\t<a class=\"elementor-button elementor-button-link elementor-size-sm\" href=\"https:\/\/demo.myboderm.com\/de\/produkt-kategorie\/produkte\/\">\n\t\t\t\t\t\t<span class=\"elementor-button-content-wrapper\">\n\t\t\t\t\t\t\t\t\t<span class=\"elementor-button-text\">Alle Produkte<\/span>\n\t\t\t\t\t<\/span>\n\t\t\t\t\t<\/a>\n\t\t\t\t\t\t\t\t<\/div>\n\t\t\t\t<\/div>\n\t\t<div class=\"elementor-element elementor-element-e7b1a58 e-con-full e-flex e-con e-child\" data-id=\"e7b1a58\" data-element_type=\"container\" data-e-type=\"container\" data-settings=\"{&quot;background_background&quot;:&quot;classic&quot;}\">\n\t\t\t\t<\/div>\n\t\t\t\t\t<\/div>\n\t\t\t\t<\/div>\n\t\t<div class=\"elementor-element elementor-element-5a9f520 e-flex e-con-boxed e-con e-parent\" data-id=\"5a9f520\" data-element_type=\"container\" data-e-type=\"container\" id=\"Verantortung\">\n\t\t\t\t\t<div class=\"e-con-inner\">\n\t\t<div class=\"elementor-element elementor-element-a55a341 e-con-full e-flex e-con e-child\" data-id=\"a55a341\" data-element_type=\"container\" data-e-type=\"container\" data-settings=\"{&quot;background_background&quot;:&quot;classic&quot;}\">\n\t\t\t\t<\/div>\n\t\t<div class=\"elementor-element elementor-element-4f2a658 e-con-full e-flex e-con e-child\" data-id=\"4f2a658\" data-element_type=\"container\" data-e-type=\"container\">\n\t\t\t\t<div class=\"elementor-element elementor-element-8525508 elementor-widget elementor-widget-heading\" data-id=\"8525508\" data-element_type=\"widget\" data-e-type=\"widget\" id=\"Verantortung\" data-widget_type=\"heading.default\">\n\t\t\t\t\t<h2 class=\"elementor-heading-title elementor-size-default\">Verantortung \n<\/h2>\t\t\t\t<\/div>\n\t\t\t\t<div class=\"elementor-element elementor-element-c0b39c1 elementor-widget elementor-widget-text-editor\" data-id=\"c0b39c1\" data-element_type=\"widget\" data-e-type=\"widget\" data-widget_type=\"text-editor.default\">\n\t\t\t\t\t\t\t\t\t<p>Die Verantwortung des Unternehmens konzentriert sich auf Produkte, Umwelt, Personal und Endverbraucher.<\/p><p>Unsere Mitarbeiter \u00fcberwachen und greifen ein, um ein H\u00f6chstma\u00df an Sicherheit und Qualit\u00e4t durch alle zu gew\u00e4hrleisten, die zum Endprodukt beitragen.<\/p><p>Unser harmonisiertes Pharmakovigilanz-System, die Einhaltung der Regeln der Guten Herstellungspraxis (GMP) an allen Produktionsstandorten und die Einhaltung der ISO-Normen und europ\u00e4ischen Richtlinien machen uns noch verantwortungsbewusster bei der Lieferung unserer Produkte.<\/p><p>Die Verwendung von recycelbaren Materialien hat oberste Priorit\u00e4t.<\/p><p>Unsere Sensibilit\u00e4t gegen\u00fcber Menschen mit besonderen F\u00e4higkeiten gilt sowohl f\u00fcr unsere Einrichtungen als auch f\u00fcr alle unsere Produktverpackungen.<\/p><p>Achievement of our goal is accomplished by continuous improvement in all respects for the benefit of our society and environment.<\/p>\t\t\t\t\t\t\t\t<\/div>\n\t\t\t\t<\/div>\n\t\t\t\t\t<\/div>\n\t\t\t\t<\/div>\n\t\t\t\t<\/div>\n\t\t","protected":false},"excerpt":{"rendered":"<p>About us \u00dcber Uns Boderm Pharmaceutical S.A. ist ein dynamisches Pharmaunternehmen. Es ist auf dem internationalen Markt f\u00fcr Arzneimittel, Medizinprodukte, [&hellip;]<\/p>\n","protected":false},"author":1,"featured_media":0,"parent":0,"menu_order":0,"comment_status":"closed","ping_status":"closed","template":"","meta":{"site-sidebar-layout":"no-sidebar","site-content-layout":"","ast-site-content-layout":"full-width-container","site-content-style":"default","site-sidebar-style":"default","ast-global-header-display":"","ast-banner-title-visibility":"","ast-main-header-display":"","ast-hfb-above-header-display":"","ast-hfb-below-header-display":"","ast-hfb-mobile-header-display":"","site-post-title":"disabled","ast-breadcrumbs-content":"","ast-featured-img":"disabled","footer-sml-layout":"","ast-disable-related-posts":"","theme-transparent-header-meta":"","adv-header-id-meta":"","stick-header-meta":"","header-above-stick-meta":"","header-main-stick-meta":"","header-below-stick-meta":"","astra-migrate-meta-layouts":"default","ast-page-background-enabled":"default","ast-page-background-meta":{"desktop":{"background-color":"var(--ast-global-color-5)","background-image":"","background-repeat":"repeat","background-position":"center center","background-size":"auto","background-attachment":"scroll","background-type":"","background-media":"","overlay-type":"","overlay-color":"","overlay-opacity":"","overlay-gradient":""},"tablet":{"background-color":"","background-image":"","background-repeat":"repeat","background-position":"center center","background-size":"auto","background-attachment":"scroll","background-type":"","background-media":"","overlay-type":"","overlay-color":"","overlay-opacity":"","overlay-gradient":""},"mobile":{"background-color":"","background-image":"","background-repeat":"repeat","background-position":"center center","background-size":"auto","background-attachment":"scroll","background-type":"","background-media":"","overlay-type":"","overlay-color":"","overlay-opacity":"","overlay-gradient":""}},"ast-content-background-meta":{"desktop":{"background-color":"var(--ast-global-color-4)","background-image":"","background-repeat":"repeat","background-position":"center center","background-size":"auto","background-attachment":"scroll","background-type":"","background-media":"","overlay-type":"","overlay-color":"","overlay-opacity":"","overlay-gradient":""},"tablet":{"background-color":"var(--ast-global-color-4)","background-image":"","background-repeat":"repeat","background-position":"center center","background-size":"auto","background-attachment":"scroll","background-type":"","background-media":"","overlay-type":"","overlay-color":"","overlay-opacity":"","overlay-gradient":""},"mobile":{"background-color":"var(--ast-global-color-4)","background-image":"","background-repeat":"repeat","background-position":"center center","background-size":"auto","background-attachment":"scroll","background-type":"","background-media":"","overlay-type":"","overlay-color":"","overlay-opacity":"","overlay-gradient":""}},"footnotes":""},"class_list":["post-1358","page","type-page","status-publish","hentry"],"_links":{"self":[{"href":"https:\/\/demo.myboderm.com\/de\/wp-json\/wp\/v2\/pages\/1358","targetHints":{"allow":["GET"]}}],"collection":[{"href":"https:\/\/demo.myboderm.com\/de\/wp-json\/wp\/v2\/pages"}],"about":[{"href":"https:\/\/demo.myboderm.com\/de\/wp-json\/wp\/v2\/types\/page"}],"author":[{"embeddable":true,"href":"https:\/\/demo.myboderm.com\/de\/wp-json\/wp\/v2\/users\/1"}],"replies":[{"embeddable":true,"href":"https:\/\/demo.myboderm.com\/de\/wp-json\/wp\/v2\/comments?post=1358"}],"version-history":[{"count":9,"href":"https:\/\/demo.myboderm.com\/de\/wp-json\/wp\/v2\/pages\/1358\/revisions"}],"predecessor-version":[{"id":6284,"href":"https:\/\/demo.myboderm.com\/de\/wp-json\/wp\/v2\/pages\/1358\/revisions\/6284"}],"wp:attachment":[{"href":"https:\/\/demo.myboderm.com\/de\/wp-json\/wp\/v2\/media?parent=1358"}],"curies":[{"name":"wp","href":"https:\/\/api.w.org\/{rel}","templated":true}]}}